{"id":279,"date":"2019-08-05T14:27:07","date_gmt":"2019-08-05T12:27:07","guid":{"rendered":"https:\/\/roma-metro-card.com\/?page_id=47"},"modified":"2025-01-06T18:15:18","modified_gmt":"2025-01-06T17:15:18","slug":"metro-rome","status":"publish","type":"page","link":"https:\/\/roma-metro-card.com\/fr\/metro-rome\/","title":{"rendered":"M\u00c9TRO ROME &#8211; Les transport en commun \u00e0 Rome"},"content":{"rendered":"<div class=\"wpb-content-wrapper\"><p>[vc_row][vc_column][vc_column_text]<\/p>\n<h1 style=\"text-align: center;\"><span style=\"color: #e30713;\">M\u00e9tro Rome &#8211; La meilleure fa\u00e7on de voyager \u00e0 Rome!<\/span><\/h1>\n<p style=\"text-align: justify;\">Le m\u00e9tro de Rome c&#8217;est 73 stations, 60 km de voies et 770 000 passagers par jour. La station de m\u00e9tro &#8220;Metropolitana&#8221; est en activit\u00e9 depuis 1955. Il existe trois lignes en service : la ligne A, la ligne B et la ligne C.<\/p>\n<p style=\"text-align: justify;\">Le m\u00e9tro de Rome est g\u00e9r\u00e9 par la soci\u00e9t\u00e9 ATAC S.P.A. qui lui-m\u00eame est administr\u00e9 et contr\u00f4l\u00e9 par la municipalit\u00e9 de Rome.Line B est en cours de prolongation; la ligne C, automatique, a ouvert ses portes en novembre 2014 et est en cours d&#8217;extension; enfin une ligne D est en projet.<\/p>\n<p style=\"text-align: justify;\">Les transports publics de Rome comprennent \u00e9galement 3 lignes de chemin de fer de surface et 8 lignes de chemin de fer r\u00e9gionales (FL: Ferrovie Laziali) FL1 \u00e0 FL8 desservant principalement l&#8217;agglom\u00e9ration romaine g\u00e9r\u00e9e par la Compagnie des chemins de fer italiens (Trenitalia ). Toutes ces lignes sont utilis\u00e9es dans le cadre d&#8217;un ensemble tarifaire unifi\u00e9.<\/p>\n<p>[\/vc_column_text][\/vc_column][\/vc_row][vc_row][vc_column][vc_empty_space][\/vc_column][\/vc_row][vc_row][vc_column][vc_single_image image=&#8221;193&#8243; img_size=&#8221;full&#8221; alignment=&#8221;center&#8221; title=&#8221;ROME METRO OVERVIEW&#8221;][\/vc_column][\/vc_row][vc_row][vc_column][vc_empty_space][\/vc_column][\/vc_row][vc_row][vc_column]<div class=\"tour-list row add-clearfix\">\n<div class=\"strip_all_tour_list wow fadeIn\" data-wow-delay=\"0.1s\">\n\n\t<div class=\"row\">\n\n\t\t<div class=\"col-lg-4 col-md-4 col-sm-4\">\n\t\t\t\t\t\t\t<div class=\"ribbon_3\"><span>Featured<\/span><\/div>\n\t\t\t\t\t\t\n\t\t\t<div class=\"img_list\">\n\t\t\t\t<a href=\"https:\/\/roma-metro-card.com\/tour\/rome-metro\/\">\n\t\t\t\t\t<img loading=\"lazy\" decoding=\"async\" width=\"330\" height=\"220\" src=\"https:\/\/roma-metro-card.com\/wp-content\/uploads\/2019\/08\/rome-public-transport-card_grid-1563273474-400x267.jpg\" class=\"attachment-330x220 size-330x220 wp-post-image\" alt=\"\" srcset=\"https:\/\/roma-metro-card.com\/wp-content\/uploads\/2019\/08\/rome-public-transport-card_grid-1563273474-400x267.jpg 400w, https:\/\/roma-metro-card.com\/wp-content\/uploads\/2019\/08\/rome-public-transport-card_grid-1563273474-200x133.jpg 200w\" sizes=\"auto, (max-width: 330px) 100vw, 330px\" \/>\t\t\t\t\t\t\t\t\t\t<div class=\"short_info\"><i class=\" icon-ticket-2\"><\/i>CITY PASS <\/div>\t\t\t\t<\/a>\n\t\t\t<\/div>\n\t\t<\/div>\n\n\t\t<div class=\"clearfix visible-xs-block\"><\/div>\n\n\t\t<div class=\"col-lg-6 col-md-6 col-sm-6\">\n\t\t\t<div class=\"tour_list_desc\">\n\t\t\t\t<div class=\"rating\"><i class=\"icon-smile\"><\/i><i class=\"icon-smile\"><\/i><i class=\"icon-smile\"><\/i><i class=\"icon-smile\"><\/i><i class=\"icon-smile\"><\/i><small>(0)<\/small><\/div>\n\n\t\t\t\t<h3>Rome metro card (includes also metro, bus, tram and Airport Bus from Ciampino)<\/h3>\n\n\t\t\t\t<p>[vc_row][vc_column][vc_column_text] Travelling to Rome? You want to visit all the highlights at your own speed? this Rome public transportation tickets<\/p>\n\t\t\t<\/div>\n\t\t<\/div>\n\n\t\t<div class=\"col-lg-2 col-md-2 col-sm-2\">\n\t\t\t<div class=\"price_list\">\n\t\t\t\t<div>\n\t\t\t\t\t<span>63.00<sup>\u20ac<\/sup><\/span><small >*Per person<\/small>\n\t\t\t\t\t<p><a href=\"https:\/\/roma-metro-card.com\/tour\/rome-metro\/\" class=\"btn_1\">Details<\/a><\/p>\n\t\t\t\t<\/div>\n\t\t\t<\/div>\n\t\t<\/div>\n\t\t\n\t<\/div>\n\n<\/div><!--End strip --><\/div>[\/vc_column][\/vc_row][vc_row][vc_column][vc_empty_space][\/vc_column][\/vc_row][vc_row][vc_column][vc_column_text]<\/p>\n<p style=\"text-align: justify;\"><span style=\"font-weight: 400;\">Dans les ann\u00e9es 1930, le gouvernement actuel a d\u00e9cid\u00e9 de commencer les travaux sur le m\u00e9tro, avec l&#8217;objectif principal d&#8217;ouvrir une liaison rapide entre la station Termini et le nouveau quartier pr\u00e9vu pour l&#8217;Exposition universelle de 1942. n&#8217;a jamais eu lieu, en raison de l&#8217;entr\u00e9e dans la guerre d&#8217;Italie en 1940. Certaines galeries existantes sont devenues des abris antia\u00e9riens pendant les bombardements.<\/span><\/p>\n<p style=\"text-align: justify;\"><span style=\"font-weight: 400;\">Les travaux reprirent en 1948 et la premi\u00e8re ligne fut inaugur\u00e9e par le Pr\u00e9sident de la R\u00e9publique Luigi Einaudi le 9 f\u00e9vrier 1955.<\/span><\/p>\n<p style=\"text-align: justify;\"><span style=\"font-weight: 400;\">L&#8217;id\u00e9e \u00e9tait de d\u00e9velopper un r\u00e9seau de m\u00e9tro similaire \u00e0 celui de Paris ou de Londres, mais d&#8217;innombrables causes (bureaucratie, d\u00e9saccords sur les priorit\u00e9s, r\u00e9visions de plans et d\u00e9couvertes arch\u00e9ologiques continues) retard\u00e8rent le d\u00e9veloppement. Ce n&#8217;est qu&#8217;en 1959 qu&#8217;une loi a approuv\u00e9 la construction d&#8217;une deuxi\u00e8me ligne de m\u00e9tro, de l&#8217;Osteria del Curato (mieux connu sous le nom d&#8217;Anagnina) au district de Prati, en passant par le centre de Rome. et en traversant la ligne d\u00e9j\u00e0 existante \u00e0 la gare Termini.<\/span><\/p>\n<p style=\"text-align: justify;\"><span style=\"font-weight: 400;\">Les travaux ont commenc\u00e9 en 1964 dans la r\u00e9gion de Via Tuscolana. Ils ont \u00e9t\u00e9 alourdis par une s\u00e9rie de retards et d&#8217;incertitudes, principalement en raison d&#8217;une mauvaise organisation. Pour commencer, il \u00e9tait initialement pr\u00e9vu de travailler \u00e0 l&#8217;air libre, mais de cette fa\u00e7on paralys\u00e9 tellement de trafic dans la r\u00e9gion sud-est de Rome que les travaux ont \u00e9t\u00e9 arr\u00eat\u00e9s. Ils ne se sont r\u00e9tablis que cinq ans plus tard en creusant des tunnels. Mais m\u00eame si la circulation \u00e9tait moins perturb\u00e9e, les vibrations induites ont caus\u00e9 de graves dommages aux b\u00e2timents situ\u00e9s pr\u00e8s de l&#8217;itin\u00e9raire des travaux.<\/span><\/p>\n<p>[\/vc_column_text][\/vc_column][\/vc_row][vc_row][vc_column][vc_empty_space][\/vc_column][\/vc_row][vc_row][vc_column]<div class=\"tour-list row add-clearfix\">\n<div class=\"strip_all_tour_list wow fadeIn\" data-wow-delay=\"0.1s\">\n\n\t<div class=\"row\">\n\n\t\t<div class=\"col-lg-4 col-md-4 col-sm-4\">\n\t\t\t\t\t\t\t<div class=\"ribbon_3\"><span>Featured<\/span><\/div>\n\t\t\t\t\t\t\n\t\t\t<div class=\"img_list\">\n\t\t\t\t<a href=\"https:\/\/roma-metro-card.com\/tour\/city-pass-rome\/\">\n\t\t\t\t\t<img loading=\"lazy\" decoding=\"async\" width=\"330\" height=\"220\" src=\"https:\/\/roma-metro-card.com\/wp-content\/uploads\/2019\/08\/rome-tourist-card_grid-1558558800-400x267.png\" class=\"attachment-330x220 size-330x220 wp-post-image\" alt=\"\" srcset=\"https:\/\/roma-metro-card.com\/wp-content\/uploads\/2019\/08\/rome-tourist-card_grid-1558558800-400x267.png 400w, https:\/\/roma-metro-card.com\/wp-content\/uploads\/2019\/08\/rome-tourist-card_grid-1558558800-200x133.png 200w\" sizes=\"auto, (max-width: 330px) 100vw, 330px\" \/>\t\t\t\t\t\t\t\t\t\t<div class=\"short_info\"><i class=\" icon-ticket-2\"><\/i>CITY PASS <\/div>\t\t\t\t<\/a>\n\t\t\t<\/div>\n\t\t<\/div>\n\n\t\t<div class=\"clearfix visible-xs-block\"><\/div>\n\n\t\t<div class=\"col-lg-6 col-md-6 col-sm-6\">\n\t\t\t<div class=\"tour_list_desc\">\n\t\t\t\t<div class=\"rating\"><i class=\"icon-smile\"><\/i><i class=\"icon-smile\"><\/i><i class=\"icon-smile\"><\/i><i class=\"icon-smile\"><\/i><i class=\"icon-smile\"><\/i><small>(0)<\/small><\/div>\n\n\t\t\t\t<h3>City Pass Rome &#8211; 100% Mobile &#8211; Fast track entrance<\/h3>\n\n\t\t\t\t<p>[vc_row][vc_column][vc_column_text] ROMA PASS : Rome Tourist Card The Rome tourist card is a great option for those who wish to<\/p>\n\t\t\t<\/div>\n\t\t<\/div>\n\n\t\t<div class=\"col-lg-2 col-md-2 col-sm-2\">\n\t\t\t<div class=\"price_list\">\n\t\t\t\t<div>\n\t\t\t\t\t<span>74.00<sup>\u20ac<\/sup><\/span><small >*Per person<\/small>\n\t\t\t\t\t<p><a href=\"https:\/\/roma-metro-card.com\/tour\/city-pass-rome\/\" class=\"btn_1\">Details<\/a><\/p>\n\t\t\t\t<\/div>\n\t\t\t<\/div>\n\t\t<\/div>\n\t\t\n\t<\/div>\n\n<\/div><!--End strip --><\/div>[\/vc_column][\/vc_row][vc_row][vc_column][vc_empty_space][\/vc_column][\/vc_row][vc_row][vc_column][vc_custom_heading text=&#8221;TOUTES LES LIGNES&#8221; font_container=&#8221;tag:h1|text_align:center|color:%23e30713&#8243;][\/vc_column][vc_column width=&#8221;1\/3&#8243;][vc_custom_heading text=&#8221;LIGNE A&#8221; font_container=&#8221;tag:h2|text_align:center|color:%23f36d21&#8243;][vc_single_image image=&#8221;322&#8243; img_size=&#8221;large&#8221; alignment=&#8221;center&#8221; onclick=&#8221;custom_link&#8221; css=&#8221;&#8221; link=&#8221;https:\/\/roma-metro-card.com\/rome-metro-line-a\/&#8221;][\/vc_column][vc_column width=&#8221;1\/3&#8243;][vc_custom_heading text=&#8221;LIGNE B&#8221; font_container=&#8221;tag:h2|text_align:center|color:%230071bb&#8221;][vc_single_image image=&#8221;323&#8243; img_size=&#8221;large&#8221; alignment=&#8221;center&#8221; onclick=&#8221;custom_link&#8221; css=&#8221;&#8221; link=&#8221;https:\/\/roma-metro-card.com\/metro-rome-line-b\/&#8221;][\/vc_column][vc_column width=&#8221;1\/3&#8243;][vc_custom_heading text=&#8221;LIGNE C&#8221; font_container=&#8221;tag:h2|text_align:center|color:%23008752&#8243;][vc_single_image image=&#8221;324&#8243; img_size=&#8221;large&#8221; alignment=&#8221;center&#8221; onclick=&#8221;custom_link&#8221; css=&#8221;&#8221; link=&#8221;https:\/\/roma-metro-card.com\/rome-metro-line-c\/&#8221;][\/vc_column][\/vc_row][vc_row][vc_column][vc_empty_space][\/vc_column][\/vc_row]<\/p>\n<\/div>","protected":false},"excerpt":{"rendered":"<p>[vc_row][vc_column][vc_column_text] M\u00e9tro Rome &#8211; La meilleure fa\u00e7on de voyager \u00e0 Rome! Le m\u00e9tro de Rome c&#8217;est 73 stations, 60 km de voies et 770 000 passagers par jour. La station de m\u00e9tro &#8220;Metropolitana&#8221; est en activit\u00e9 depuis 1955. Il existe trois lignes en service : la ligne A, la ligne B et la ligne C. [&hellip;]<\/p>\n","protected":false},"author":1,"featured_media":0,"parent":0,"menu_order":0,"comment_status":"open","ping_status":"open","template":"","meta":{"footnotes":""},"class_list":["post-279","page","type-page","status-publish","hentry"],"yoast_head":"<!-- This site is optimized with the Yoast SEO plugin v27.3 - https:\/\/yoast.com\/product\/yoast-seo-wordpress\/ -->\n<title>M\u00e9tro Rome - Achetez votre carte de m\u00e9tro en ligne- Gagnez du temps<\/title>\n<meta name=\"description\" content=\"Le m\u00e9tro de Rome va vous permettre de visiter la ville \u00e0 votre propre rythme et sans contraintes. 72 heures de transports publiques illimit\u00e9s.\" \/>\n<meta name=\"robots\" content=\"index, follow, max-snippet:-1, max-image-preview:large, max-video-preview:-1\" \/>\n<link rel=\"canonical\" href=\"https:\/\/roma-metro-card.com\/fr\/metro-rome\/\" \/>\n<meta property=\"og:locale\" content=\"fr_FR\" \/>\n<meta property=\"og:type\" content=\"article\" \/>\n<meta property=\"og:title\" content=\"M\u00e9tro Rome - Achetez votre carte de m\u00e9tro en ligne- Gagnez du temps\" \/>\n<meta property=\"og:description\" content=\"Le m\u00e9tro de Rome va vous permettre de visiter la ville \u00e0 votre propre rythme et sans contraintes. 72 heures de transports publiques illimit\u00e9s.\" \/>\n<meta property=\"og:url\" content=\"https:\/\/roma-metro-card.com\/fr\/metro-rome\/\" \/>\n<meta property=\"og:site_name\" content=\"ROMA METRO CARD\" \/>\n<meta property=\"article:modified_time\" content=\"2025-01-06T17:15:18+00:00\" \/>\n<meta name=\"twitter:card\" content=\"summary_large_image\" \/>\n<meta name=\"twitter:label1\" content=\"Dur\u00e9e de lecture estim\u00e9e\" \/>\n\t<meta name=\"twitter:data1\" content=\"3 minutes\" \/>\n<script type=\"application\/ld+json\" class=\"yoast-schema-graph\">{\"@context\":\"https:\\\/\\\/schema.org\",\"@graph\":[{\"@type\":\"WebPage\",\"@id\":\"https:\\\/\\\/roma-metro-card.com\\\/fr\\\/metro-rome\\\/\",\"url\":\"https:\\\/\\\/roma-metro-card.com\\\/fr\\\/metro-rome\\\/\",\"name\":\"M\u00e9tro Rome - Achetez votre carte de m\u00e9tro en ligne- Gagnez du temps\",\"isPartOf\":{\"@id\":\"https:\\\/\\\/roma-metro-card.com\\\/fr\\\/#website\"},\"datePublished\":\"2019-08-05T12:27:07+00:00\",\"dateModified\":\"2025-01-06T17:15:18+00:00\",\"description\":\"Le m\u00e9tro de Rome va vous permettre de visiter la ville \u00e0 votre propre rythme et sans contraintes. 72 heures de transports publiques illimit\u00e9s.\",\"breadcrumb\":{\"@id\":\"https:\\\/\\\/roma-metro-card.com\\\/fr\\\/metro-rome\\\/#breadcrumb\"},\"inLanguage\":\"fr-FR\",\"potentialAction\":[{\"@type\":\"ReadAction\",\"target\":[\"https:\\\/\\\/roma-metro-card.com\\\/fr\\\/metro-rome\\\/\"]}]},{\"@type\":\"BreadcrumbList\",\"@id\":\"https:\\\/\\\/roma-metro-card.com\\\/fr\\\/metro-rome\\\/#breadcrumb\",\"itemListElement\":[{\"@type\":\"ListItem\",\"position\":1,\"name\":\"Accueil\",\"item\":\"https:\\\/\\\/roma-metro-card.com\\\/fr\\\/\"},{\"@type\":\"ListItem\",\"position\":2,\"name\":\"M\u00c9TRO ROME &#8211; Les transport en commun \u00e0 Rome\"}]},{\"@type\":\"WebSite\",\"@id\":\"https:\\\/\\\/roma-metro-card.com\\\/fr\\\/#website\",\"url\":\"https:\\\/\\\/roma-metro-card.com\\\/fr\\\/\",\"name\":\"ROMA METRO CARD\",\"description\":\"Discover Rome at your own pace!\",\"publisher\":{\"@id\":\"https:\\\/\\\/roma-metro-card.com\\\/fr\\\/#\\\/schema\\\/person\\\/cac343c7a4a899b495bd75c747c664b3\"},\"potentialAction\":[{\"@type\":\"SearchAction\",\"target\":{\"@type\":\"EntryPoint\",\"urlTemplate\":\"https:\\\/\\\/roma-metro-card.com\\\/fr\\\/?s={search_term_string}\"},\"query-input\":{\"@type\":\"PropertyValueSpecification\",\"valueRequired\":true,\"valueName\":\"search_term_string\"}}],\"inLanguage\":\"fr-FR\"},{\"@type\":[\"Person\",\"Organization\"],\"@id\":\"https:\\\/\\\/roma-metro-card.com\\\/fr\\\/#\\\/schema\\\/person\\\/cac343c7a4a899b495bd75c747c664b3\",\"name\":\"admin1175\",\"image\":{\"@type\":\"ImageObject\",\"inLanguage\":\"fr-FR\",\"@id\":\"https:\\\/\\\/secure.gravatar.com\\\/avatar\\\/adeee1d3fc72ebdeac1009b79e05f00048bc7a1d9c975df86b42f031c3f79d29?s=96&d=mm&r=g\",\"url\":\"https:\\\/\\\/secure.gravatar.com\\\/avatar\\\/adeee1d3fc72ebdeac1009b79e05f00048bc7a1d9c975df86b42f031c3f79d29?s=96&d=mm&r=g\",\"contentUrl\":\"https:\\\/\\\/secure.gravatar.com\\\/avatar\\\/adeee1d3fc72ebdeac1009b79e05f00048bc7a1d9c975df86b42f031c3f79d29?s=96&d=mm&r=g\",\"caption\":\"admin1175\"},\"logo\":{\"@id\":\"https:\\\/\\\/secure.gravatar.com\\\/avatar\\\/adeee1d3fc72ebdeac1009b79e05f00048bc7a1d9c975df86b42f031c3f79d29?s=96&d=mm&r=g\"}}]}<\/script>\n<!-- \/ Yoast SEO plugin. -->","yoast_head_json":{"title":"M\u00e9tro Rome - Achetez votre carte de m\u00e9tro en ligne- Gagnez du temps","description":"Le m\u00e9tro de Rome va vous permettre de visiter la ville \u00e0 votre propre rythme et sans contraintes. 72 heures de transports publiques illimit\u00e9s.","robots":{"index":"index","follow":"follow","max-snippet":"max-snippet:-1","max-image-preview":"max-image-preview:large","max-video-preview":"max-video-preview:-1"},"canonical":"https:\/\/roma-metro-card.com\/fr\/metro-rome\/","og_locale":"fr_FR","og_type":"article","og_title":"M\u00e9tro Rome - Achetez votre carte de m\u00e9tro en ligne- Gagnez du temps","og_description":"Le m\u00e9tro de Rome va vous permettre de visiter la ville \u00e0 votre propre rythme et sans contraintes. 72 heures de transports publiques illimit\u00e9s.","og_url":"https:\/\/roma-metro-card.com\/fr\/metro-rome\/","og_site_name":"ROMA METRO CARD","article_modified_time":"2025-01-06T17:15:18+00:00","twitter_card":"summary_large_image","twitter_misc":{"Dur\u00e9e de lecture estim\u00e9e":"3 minutes"},"schema":{"@context":"https:\/\/schema.org","@graph":[{"@type":"WebPage","@id":"https:\/\/roma-metro-card.com\/fr\/metro-rome\/","url":"https:\/\/roma-metro-card.com\/fr\/metro-rome\/","name":"M\u00e9tro Rome - Achetez votre carte de m\u00e9tro en ligne- Gagnez du temps","isPartOf":{"@id":"https:\/\/roma-metro-card.com\/fr\/#website"},"datePublished":"2019-08-05T12:27:07+00:00","dateModified":"2025-01-06T17:15:18+00:00","description":"Le m\u00e9tro de Rome va vous permettre de visiter la ville \u00e0 votre propre rythme et sans contraintes. 72 heures de transports publiques illimit\u00e9s.","breadcrumb":{"@id":"https:\/\/roma-metro-card.com\/fr\/metro-rome\/#breadcrumb"},"inLanguage":"fr-FR","potentialAction":[{"@type":"ReadAction","target":["https:\/\/roma-metro-card.com\/fr\/metro-rome\/"]}]},{"@type":"BreadcrumbList","@id":"https:\/\/roma-metro-card.com\/fr\/metro-rome\/#breadcrumb","itemListElement":[{"@type":"ListItem","position":1,"name":"Accueil","item":"https:\/\/roma-metro-card.com\/fr\/"},{"@type":"ListItem","position":2,"name":"M\u00c9TRO ROME &#8211; Les transport en commun \u00e0 Rome"}]},{"@type":"WebSite","@id":"https:\/\/roma-metro-card.com\/fr\/#website","url":"https:\/\/roma-metro-card.com\/fr\/","name":"ROMA METRO CARD","description":"Discover Rome at your own pace!","publisher":{"@id":"https:\/\/roma-metro-card.com\/fr\/#\/schema\/person\/cac343c7a4a899b495bd75c747c664b3"},"potentialAction":[{"@type":"SearchAction","target":{"@type":"EntryPoint","urlTemplate":"https:\/\/roma-metro-card.com\/fr\/?s={search_term_string}"},"query-input":{"@type":"PropertyValueSpecification","valueRequired":true,"valueName":"search_term_string"}}],"inLanguage":"fr-FR"},{"@type":["Person","Organization"],"@id":"https:\/\/roma-metro-card.com\/fr\/#\/schema\/person\/cac343c7a4a899b495bd75c747c664b3","name":"admin1175","image":{"@type":"ImageObject","inLanguage":"fr-FR","@id":"https:\/\/secure.gravatar.com\/avatar\/adeee1d3fc72ebdeac1009b79e05f00048bc7a1d9c975df86b42f031c3f79d29?s=96&d=mm&r=g","url":"https:\/\/secure.gravatar.com\/avatar\/adeee1d3fc72ebdeac1009b79e05f00048bc7a1d9c975df86b42f031c3f79d29?s=96&d=mm&r=g","contentUrl":"https:\/\/secure.gravatar.com\/avatar\/adeee1d3fc72ebdeac1009b79e05f00048bc7a1d9c975df86b42f031c3f79d29?s=96&d=mm&r=g","caption":"admin1175"},"logo":{"@id":"https:\/\/secure.gravatar.com\/avatar\/adeee1d3fc72ebdeac1009b79e05f00048bc7a1d9c975df86b42f031c3f79d29?s=96&d=mm&r=g"}}]}},"_links":{"self":[{"href":"https:\/\/roma-metro-card.com\/fr\/wp-json\/wp\/v2\/pages\/279","targetHints":{"allow":["GET"]}}],"collection":[{"href":"https:\/\/roma-metro-card.com\/fr\/wp-json\/wp\/v2\/pages"}],"about":[{"href":"https:\/\/roma-metro-card.com\/fr\/wp-json\/wp\/v2\/types\/page"}],"author":[{"embeddable":true,"href":"https:\/\/roma-metro-card.com\/fr\/wp-json\/wp\/v2\/users\/1"}],"replies":[{"embeddable":true,"href":"https:\/\/roma-metro-card.com\/fr\/wp-json\/wp\/v2\/comments?post=279"}],"version-history":[{"count":3,"href":"https:\/\/roma-metro-card.com\/fr\/wp-json\/wp\/v2\/pages\/279\/revisions"}],"predecessor-version":[{"id":325,"href":"https:\/\/roma-metro-card.com\/fr\/wp-json\/wp\/v2\/pages\/279\/revisions\/325"}],"wp:attachment":[{"href":"https:\/\/roma-metro-card.com\/fr\/wp-json\/wp\/v2\/media?parent=279"}],"curies":[{"name":"wp","href":"https:\/\/api.w.org\/{rel}","templated":true}]}}