{"id":286,"date":"2019-08-08T14:00:29","date_gmt":"2019-08-08T12:00:29","guid":{"rendered":"https:\/\/roma-metro-card.com\/?page_id=109"},"modified":"2022-01-13T10:06:17","modified_gmt":"2022-01-13T09:06:17","slug":"metro-rome-ligne-a","status":"publish","type":"page","link":"https:\/\/roma-metro-card.com\/fr\/metro-rome-ligne-a\/","title":{"rendered":"M\u00c9TRO ROME &#8211; LIGNE A"},"content":{"rendered":"<div class=\"wpb-content-wrapper\"><p>[vc_row][vc_column][vc_column_text]<\/p>\n<h1 style=\"text-align: center;\"><span style=\"color: #f36d21;\">M\u00e9tro Rome: Ligne A<\/span><\/h1>\n<p style=\"text-align: justify;\">La ligne A du m\u00e9tro de Rome , caract\u00e9ris\u00e9e par l&#8217;orange , \u00e9tait la deuxi\u00e8me ligne \u00e0 \u00eatre construite dans la capitale. La premi\u00e8re section de la ligne, d&#8217;Ottaviano \u00e0 Cinecitt\u00e0, a \u00e9t\u00e9 inaugur\u00e9e le 16 f\u00e9vrier 1980 par le maire de Rome de l&#8217;\u00e9poque Luigi Petroselli, aujourd&#8217;hui la route s&#8217;\u00e9tend de Battistini \u00e0 Anagnina.<\/p>\n<p style=\"text-align: justify;\">Aujourd&#8217;hui, la ligne A compte 27 stations (il y a des plans d&#8217;extensions au-del\u00e0 du terminus de Battistini) d&#8217;une longueur de 18,425 km. Rencontrez la ligne B dans la station Termini et croisez, lorsqu&#8217;il est op\u00e9rationnel, avec la ligne C dans les stations d&#8217;Ottaviano et de San Giovanni.<\/p>\n<p>[\/vc_column_text][\/vc_column][\/vc_row][vc_row][vc_column][vc_custom_heading text=&#8221;CARTE DU METRO &#8211; LIGNE A&#8221; font_container=&#8221;tag:h1|text_align:center|color:%23f36d21&#8243;][vc_empty_space][vc_single_image image=&#8221;207&#8243; img_size=&#8221;full&#8221;][vc_empty_space][\/vc_column][\/vc_row][vc_row][vc_column]<div class=\"tour-list row add-clearfix\"><div class=\"col-md-4 col-sm-6 wow zoomIn\" data-wow-delay=\"0.1s\">\n\t<div class=\"tour_container\">\n\t\t\t\t\t<div class=\"ribbon_3\"><span>Featured<\/span><\/div>\n\t\t\t\t<div class=\"img_container\">\n\t\t\t<a href=\"https:\/\/roma-metro-card.com\/tour\/rome-metro\/\">\n\t\t\t\t<img loading=\"lazy\" decoding=\"async\" width=\"400\" height=\"267\" src=\"https:\/\/roma-metro-card.com\/wp-content\/uploads\/2019\/08\/rome-public-transport-card_grid-1563273474-400x267.jpg\" class=\"attachment-ct-list-thumb size-ct-list-thumb wp-post-image\" alt=\"\" srcset=\"https:\/\/roma-metro-card.com\/wp-content\/uploads\/2019\/08\/rome-public-transport-card_grid-1563273474-400x267.jpg 400w, https:\/\/roma-metro-card.com\/wp-content\/uploads\/2019\/08\/rome-public-transport-card_grid-1563273474-200x133.jpg 200w\" sizes=\"auto, (max-width: 400px) 100vw, 400px\" \/>\t\t\t\t<!-- <div class=\"ribbon top_rated\"><\/div> -->\n\t\t\t\t\t\t\t\t<div class=\"short_info\">\n\t\t\t\t\t<i class=\" icon-ticket-2\"><\/i>CITY PASS\t\t\t\t\t<span class=\"price\"><span>63.00<sup>\u20ac<\/sup><\/span><\/span>\n\t\t\t\t<\/div>\n\t\t\t<\/a>\n\t\t<\/div>\n\n\t\t<div class=\"tour_title\">\n\t\t\t<h3>Rome metro card (includes also metro, bus, tram and Airport Bus from Ciampino)<\/h3>\n\n\t\t\t<div class=\"rating\">\n\t\t\t\t<i class=\"icon-smile\"><\/i><i class=\"icon-smile\"><\/i><i class=\"icon-smile\"><\/i><i class=\"icon-smile\"><\/i><i class=\"icon-smile\"><\/i><small>(0)<\/small>\n\t\t\t<\/div><!-- end rating -->\n\n\t\t\t\t\t\t\t\t<\/div>\n\t<\/div><!-- End box tour -->\n<\/div><!-- End col-md-6 --><div class=\"col-md-4 col-sm-6 wow zoomIn\" data-wow-delay=\"0.1s\">\n\t<div class=\"tour_container\">\n\t\t\t\t\t<div class=\"ribbon_3\"><span>Featured<\/span><\/div>\n\t\t\t\t<div class=\"img_container\">\n\t\t\t<a href=\"https:\/\/roma-metro-card.com\/tour\/city-pass-rome\/\">\n\t\t\t\t<img loading=\"lazy\" decoding=\"async\" width=\"400\" height=\"267\" src=\"https:\/\/roma-metro-card.com\/wp-content\/uploads\/2019\/08\/rome-tourist-card_grid-1558558800-400x267.png\" class=\"attachment-ct-list-thumb size-ct-list-thumb wp-post-image\" alt=\"\" srcset=\"https:\/\/roma-metro-card.com\/wp-content\/uploads\/2019\/08\/rome-tourist-card_grid-1558558800-400x267.png 400w, https:\/\/roma-metro-card.com\/wp-content\/uploads\/2019\/08\/rome-tourist-card_grid-1558558800-200x133.png 200w\" sizes=\"auto, (max-width: 400px) 100vw, 400px\" \/>\t\t\t\t<!-- <div class=\"ribbon top_rated\"><\/div> -->\n\t\t\t\t\t\t\t\t<div class=\"short_info\">\n\t\t\t\t\t<i class=\" icon-ticket-2\"><\/i>CITY PASS\t\t\t\t\t<span class=\"price\"><span>74.00<sup>\u20ac<\/sup><\/span><\/span>\n\t\t\t\t<\/div>\n\t\t\t<\/a>\n\t\t<\/div>\n\n\t\t<div class=\"tour_title\">\n\t\t\t<h3>City Pass Rome &#8211; 100% Mobile &#8211; Fast track entrance<\/h3>\n\n\t\t\t<div class=\"rating\">\n\t\t\t\t<i class=\"icon-smile\"><\/i><i class=\"icon-smile\"><\/i><i class=\"icon-smile\"><\/i><i class=\"icon-smile\"><\/i><i class=\"icon-smile\"><\/i><small>(0)<\/small>\n\t\t\t<\/div><!-- end rating -->\n\n\t\t\t\t\t\t\t\t<\/div>\n\t<\/div><!-- End box tour -->\n<\/div><!-- End col-md-6 --><div class=\"col-md-4 col-sm-6 wow zoomIn\" data-wow-delay=\"0.1s\">\n\t<div class=\"tour_container\">\n\t\t\t\t<div class=\"img_container\">\n\t\t\t<a href=\"https:\/\/roma-metro-card.com\/tour\/vatican-museums-skip-the-line-tickets\/\">\n\t\t\t\t<img loading=\"lazy\" decoding=\"async\" width=\"400\" height=\"267\" src=\"https:\/\/roma-metro-card.com\/wp-content\/uploads\/2019\/08\/IMG_20180907_132102-400x267.jpg\" class=\"attachment-ct-list-thumb size-ct-list-thumb wp-post-image\" alt=\"\" srcset=\"https:\/\/roma-metro-card.com\/wp-content\/uploads\/2019\/08\/IMG_20180907_132102-400x267.jpg 400w, https:\/\/roma-metro-card.com\/wp-content\/uploads\/2019\/08\/IMG_20180907_132102-200x133.jpg 200w\" sizes=\"auto, (max-width: 400px) 100vw, 400px\" \/>\t\t\t\t<!-- <div class=\"ribbon top_rated\"><\/div> -->\n\t\t\t\t\t\t\t\t<div class=\"short_info\">\n\t\t\t\t\t\t\t\t\t\t<span class=\"price\"><span>22.90<sup>\u20ac<\/sup><\/span><\/span>\n\t\t\t\t<\/div>\n\t\t\t<\/a>\n\t\t<\/div>\n\n\t\t<div class=\"tour_title\">\n\t\t\t<h3>VATICAN MUSEUMS &#038; SISTINE CHAPEL &#8211; Skip the line tickets<\/h3>\n\n\t\t\t<div class=\"rating\">\n\t\t\t\t<i class=\"icon-smile\"><\/i><i class=\"icon-smile\"><\/i><i class=\"icon-smile\"><\/i><i class=\"icon-smile\"><\/i><i class=\"icon-smile\"><\/i><small>(0)<\/small>\n\t\t\t<\/div><!-- end rating -->\n\n\t\t\t\t\t\t\t\t<\/div>\n\t<\/div><!-- End box tour -->\n<\/div><!-- End col-md-6 --><\/div>[\/vc_column][\/vc_row][vc_row][vc_column][vc_column_text]<\/p>\n<h3 style=\"text-align: justify;\"><strong><span style=\"color: #f36d21;\">La ligne A (27 stations et 18,4 km) relie l&#8217;ouest de Rome pr\u00e8s du Vatican aux banlieues populaires du sud-est. Du terminus de Battistini \u00e0 celui d&#8217;Anagnina, les principaux arr\u00eats sont :<\/span><\/strong><\/h3>\n<ul style=\"text-align: justify;\">\n<li><span style=\"font-weight: 400;\">Ottaviano &#8211; San Pietro &#8211; Mus\u00e9es du Vatican pour les<\/span><b> Mus\u00e9es du Vatican<\/b><span style=\"font-weight: 400;\"> et l<\/span><b>a Basilique Saint-Pierre.<\/b><\/li>\n<li><span style=\"font-weight: 400;\">Flaminio pour Piazza del Popolo et <\/span><b>Villa Borghese Park<\/b><span style=\"font-weight: 400;\">.<\/span><\/li>\n<li><span style=\"font-weight: 400;\">Spagna desservant la place Spagna.<\/span><\/li>\n<li><span style=\"font-weight: 400;\">Barberini pour la place homonyme, Via Veneto et <\/span><b>Trevi Fountain<\/b><span style=\"font-weight: 400;\">.<\/span><\/li>\n<li><span style=\"font-weight: 400;\">San Giovanni pour la Basilique De Saint-Jean-Latran.<\/span><\/li>\n<li><span style=\"font-weight: 400;\">Cinecitt\u00e0 pour la ville du cin\u00e9ma.<\/span><\/li>\n<\/ul>\n<p style=\"text-align: justify;\"><span style=\"font-weight: 400;\">La ligne est compl\u00e8tement souterraine \u00e0 l&#8217;exception d&#8217;un pont sur le Tibre.<\/span><\/p>\n<p>[\/vc_column_text][\/vc_column][\/vc_row][vc_row][vc_column]\n<h3><span style=\"color: #f36d21;\">LES STATIONS DE LA LIGNE A:<\/span><\/h3>\n<ul class=\"list_ok\">\n<li>Les stations de la ligne A du m\u00e9tro de Rome sont les suivantes:<\/li>\n<li>Battistini (Mus\u00e9es du Vatican pour les Mus\u00e9es du Vatican et la Basilique Saint-Pierre)<\/li>\n<li>Cornelia<\/li>\n<li>Baldo degli Ubaldi<\/li>\n<li>Valle Aurelia<\/li>\n<li>Chypre<\/li>\n<li>Ottaviano<\/li>\n<li>Lepanto<\/li>\n<li>Flaminio (Piazza del Popolo et Villa Borghese Park)<\/li>\n<li>Espagne<\/li>\n<li>Barberini (temporairement ferm\u00e9 le 23\/03\/2019) (Via Veneto et fontaine de Tr\u00e9vi)<\/li>\n<li>R\u00e9publique (temporairement ferm\u00e9e du 23\/10\/2018 au 26\/06\/2019)<\/li>\n<li>termes<\/li>\n<li>Emanuele Vittorio<\/li>\n<li>Manzoni<\/li>\n<li>Saint-Jean<\/li>\n<li>Roi de Rome<\/li>\n<li>Long pont<\/li>\n<li>Camillo Furio<\/li>\n<li>Albani Colli<\/li>\n<li>Arche de Travertine<\/li>\n<li>Porta Furba (porta Furba)<\/li>\n<li>Quadrato Numidio<\/li>\n<li>Lucio Sestio<\/li>\n<li>Giulio Agricola<\/li>\n<li>Subaugusta (Sous-augusta)<\/li>\n<li><a href=\"https:\/\/www.tiqets.com\/fr\/cinecitta-studios-tickets-l146771\/?partner=romametrocard\"><span style=\"color: #f36d21;\">Cinecitt\u00e0<\/span><\/a><\/li>\n<li>Anagnina<\/li>\n<\/ul>\n<p>[\/vc_column][\/vc_row][vc_row][vc_column][vc_column_text]<\/p>\n<h3 style=\"text-align: justify;\"><span style=\"color: #f36d21;\">LA CONSTRUCTION DE LA LIGNE A:<\/span><\/h3>\n<p style=\"text-align: justify;\">Les travaux de construction pour l&#8217;extension de la ligne ont \u00e9t\u00e9 longs et complexes, principalement en raison de la technique de l&#8217;excavation ouverte , qui a caus\u00e9 de nombreux probl\u00e8mes \u00e0 la viabilit\u00e9 de Rome. C&#8217;est pr\u00e9cis\u00e9ment pour cette raison que les travaux se sont arr\u00eat\u00e9s pendant 5 ans, avant de recommencer avec la technique, utilis\u00e9e aujourd&#8217;hui, des taupes , qui si d&#8217;une part r\u00e9solu le probl\u00e8me de la circulation et la circulation, d&#8217;autre part apport\u00e9 des probl\u00e8mes aux b\u00e2timents plac\u00e9s au-dessus de la route de la ligne.<\/p>\n<p style=\"text-align: justify;\">Fermi pendant encore deux ans, en raison de la travers\u00e9e du Tibre, d&#8217;autres probl\u00e8mes ont entra\u00een\u00e9 une erreur dans la route, en raison de la construction du pont Nenni pour traverser la rivi\u00e8re, et pour les d\u00e9couvertes arch\u00e9ologiques pr\u00e8s de la Piazza della Repubblica.<\/p>\n<p>[\/vc_column_text][\/vc_column][\/vc_row]<\/p>\n<\/div>","protected":false},"excerpt":{"rendered":"<p>[vc_row][vc_column][vc_column_text] M\u00e9tro Rome: Ligne A La ligne A du m\u00e9tro de Rome , caract\u00e9ris\u00e9e par l&#8217;orange , \u00e9tait la deuxi\u00e8me ligne \u00e0 \u00eatre construite dans la capitale. La premi\u00e8re section de la ligne, d&#8217;Ottaviano \u00e0 Cinecitt\u00e0, a \u00e9t\u00e9 inaugur\u00e9e le 16 f\u00e9vrier 1980 par le maire de Rome de l&#8217;\u00e9poque Luigi Petroselli, aujourd&#8217;hui la route [&hellip;]<\/p>\n","protected":false},"author":1,"featured_media":0,"parent":0,"menu_order":0,"comment_status":"open","ping_status":"open","template":"","meta":{"footnotes":""},"class_list":["post-286","page","type-page","status-publish","hentry"],"yoast_head":"<!-- This site is optimized with the Yoast SEO plugin v27.3 - https:\/\/yoast.com\/product\/yoast-seo-wordpress\/ -->\n<title>M\u00c9TRO ROME - LIGNE A - ROMA METRO CARD<\/title>\n<meta name=\"description\" content=\"Le m\u00e9tro de Rome (Ligne A) va vous permettre de visiter la ville \u00e0 votre propre rythme et sans contraintes. 72 heures de transports publiques illimit\u00e9s.\" \/>\n<meta name=\"robots\" content=\"index, follow, max-snippet:-1, max-image-preview:large, max-video-preview:-1\" \/>\n<link rel=\"canonical\" href=\"https:\/\/roma-metro-card.com\/fr\/metro-rome-ligne-a\/\" \/>\n<meta property=\"og:locale\" content=\"fr_FR\" \/>\n<meta property=\"og:type\" content=\"article\" \/>\n<meta property=\"og:title\" content=\"M\u00c9TRO ROME - LIGNE A - ROMA METRO CARD\" \/>\n<meta property=\"og:description\" content=\"Le m\u00e9tro de Rome (Ligne A) va vous permettre de visiter la ville \u00e0 votre propre rythme et sans contraintes. 72 heures de transports publiques illimit\u00e9s.\" \/>\n<meta property=\"og:url\" content=\"https:\/\/roma-metro-card.com\/fr\/metro-rome-ligne-a\/\" \/>\n<meta property=\"og:site_name\" content=\"ROMA METRO CARD\" \/>\n<meta property=\"article:modified_time\" content=\"2022-01-13T09:06:17+00:00\" \/>\n<meta name=\"twitter:card\" content=\"summary_large_image\" \/>\n<meta name=\"twitter:label1\" content=\"Dur\u00e9e de lecture estim\u00e9e\" \/>\n\t<meta name=\"twitter:data1\" content=\"3 minutes\" \/>\n<script type=\"application\/ld+json\" class=\"yoast-schema-graph\">{\"@context\":\"https:\\\/\\\/schema.org\",\"@graph\":[{\"@type\":\"WebPage\",\"@id\":\"https:\\\/\\\/roma-metro-card.com\\\/fr\\\/metro-rome-ligne-a\\\/\",\"url\":\"https:\\\/\\\/roma-metro-card.com\\\/fr\\\/metro-rome-ligne-a\\\/\",\"name\":\"M\u00c9TRO ROME - LIGNE A - ROMA METRO CARD\",\"isPartOf\":{\"@id\":\"https:\\\/\\\/roma-metro-card.com\\\/fr\\\/#website\"},\"datePublished\":\"2019-08-08T12:00:29+00:00\",\"dateModified\":\"2022-01-13T09:06:17+00:00\",\"description\":\"Le m\u00e9tro de Rome (Ligne A) va vous permettre de visiter la ville \u00e0 votre propre rythme et sans contraintes. 72 heures de transports publiques illimit\u00e9s.\",\"breadcrumb\":{\"@id\":\"https:\\\/\\\/roma-metro-card.com\\\/fr\\\/metro-rome-ligne-a\\\/#breadcrumb\"},\"inLanguage\":\"fr-FR\",\"potentialAction\":[{\"@type\":\"ReadAction\",\"target\":[\"https:\\\/\\\/roma-metro-card.com\\\/fr\\\/metro-rome-ligne-a\\\/\"]}]},{\"@type\":\"BreadcrumbList\",\"@id\":\"https:\\\/\\\/roma-metro-card.com\\\/fr\\\/metro-rome-ligne-a\\\/#breadcrumb\",\"itemListElement\":[{\"@type\":\"ListItem\",\"position\":1,\"name\":\"Accueil\",\"item\":\"https:\\\/\\\/roma-metro-card.com\\\/fr\\\/\"},{\"@type\":\"ListItem\",\"position\":2,\"name\":\"M\u00c9TRO ROME &#8211; LIGNE A\"}]},{\"@type\":\"WebSite\",\"@id\":\"https:\\\/\\\/roma-metro-card.com\\\/fr\\\/#website\",\"url\":\"https:\\\/\\\/roma-metro-card.com\\\/fr\\\/\",\"name\":\"ROMA METRO CARD\",\"description\":\"Discover Rome at your own pace!\",\"publisher\":{\"@id\":\"https:\\\/\\\/roma-metro-card.com\\\/fr\\\/#\\\/schema\\\/person\\\/cac343c7a4a899b495bd75c747c664b3\"},\"potentialAction\":[{\"@type\":\"SearchAction\",\"target\":{\"@type\":\"EntryPoint\",\"urlTemplate\":\"https:\\\/\\\/roma-metro-card.com\\\/fr\\\/?s={search_term_string}\"},\"query-input\":{\"@type\":\"PropertyValueSpecification\",\"valueRequired\":true,\"valueName\":\"search_term_string\"}}],\"inLanguage\":\"fr-FR\"},{\"@type\":[\"Person\",\"Organization\"],\"@id\":\"https:\\\/\\\/roma-metro-card.com\\\/fr\\\/#\\\/schema\\\/person\\\/cac343c7a4a899b495bd75c747c664b3\",\"name\":\"admin1175\",\"image\":{\"@type\":\"ImageObject\",\"inLanguage\":\"fr-FR\",\"@id\":\"https:\\\/\\\/secure.gravatar.com\\\/avatar\\\/adeee1d3fc72ebdeac1009b79e05f00048bc7a1d9c975df86b42f031c3f79d29?s=96&d=mm&r=g\",\"url\":\"https:\\\/\\\/secure.gravatar.com\\\/avatar\\\/adeee1d3fc72ebdeac1009b79e05f00048bc7a1d9c975df86b42f031c3f79d29?s=96&d=mm&r=g\",\"contentUrl\":\"https:\\\/\\\/secure.gravatar.com\\\/avatar\\\/adeee1d3fc72ebdeac1009b79e05f00048bc7a1d9c975df86b42f031c3f79d29?s=96&d=mm&r=g\",\"caption\":\"admin1175\"},\"logo\":{\"@id\":\"https:\\\/\\\/secure.gravatar.com\\\/avatar\\\/adeee1d3fc72ebdeac1009b79e05f00048bc7a1d9c975df86b42f031c3f79d29?s=96&d=mm&r=g\"}}]}<\/script>\n<!-- \/ Yoast SEO plugin. -->","yoast_head_json":{"title":"M\u00c9TRO ROME - LIGNE A - ROMA METRO CARD","description":"Le m\u00e9tro de Rome (Ligne A) va vous permettre de visiter la ville \u00e0 votre propre rythme et sans contraintes. 72 heures de transports publiques illimit\u00e9s.","robots":{"index":"index","follow":"follow","max-snippet":"max-snippet:-1","max-image-preview":"max-image-preview:large","max-video-preview":"max-video-preview:-1"},"canonical":"https:\/\/roma-metro-card.com\/fr\/metro-rome-ligne-a\/","og_locale":"fr_FR","og_type":"article","og_title":"M\u00c9TRO ROME - LIGNE A - ROMA METRO CARD","og_description":"Le m\u00e9tro de Rome (Ligne A) va vous permettre de visiter la ville \u00e0 votre propre rythme et sans contraintes. 72 heures de transports publiques illimit\u00e9s.","og_url":"https:\/\/roma-metro-card.com\/fr\/metro-rome-ligne-a\/","og_site_name":"ROMA METRO CARD","article_modified_time":"2022-01-13T09:06:17+00:00","twitter_card":"summary_large_image","twitter_misc":{"Dur\u00e9e de lecture estim\u00e9e":"3 minutes"},"schema":{"@context":"https:\/\/schema.org","@graph":[{"@type":"WebPage","@id":"https:\/\/roma-metro-card.com\/fr\/metro-rome-ligne-a\/","url":"https:\/\/roma-metro-card.com\/fr\/metro-rome-ligne-a\/","name":"M\u00c9TRO ROME - LIGNE A - ROMA METRO CARD","isPartOf":{"@id":"https:\/\/roma-metro-card.com\/fr\/#website"},"datePublished":"2019-08-08T12:00:29+00:00","dateModified":"2022-01-13T09:06:17+00:00","description":"Le m\u00e9tro de Rome (Ligne A) va vous permettre de visiter la ville \u00e0 votre propre rythme et sans contraintes. 72 heures de transports publiques illimit\u00e9s.","breadcrumb":{"@id":"https:\/\/roma-metro-card.com\/fr\/metro-rome-ligne-a\/#breadcrumb"},"inLanguage":"fr-FR","potentialAction":[{"@type":"ReadAction","target":["https:\/\/roma-metro-card.com\/fr\/metro-rome-ligne-a\/"]}]},{"@type":"BreadcrumbList","@id":"https:\/\/roma-metro-card.com\/fr\/metro-rome-ligne-a\/#breadcrumb","itemListElement":[{"@type":"ListItem","position":1,"name":"Accueil","item":"https:\/\/roma-metro-card.com\/fr\/"},{"@type":"ListItem","position":2,"name":"M\u00c9TRO ROME &#8211; LIGNE A"}]},{"@type":"WebSite","@id":"https:\/\/roma-metro-card.com\/fr\/#website","url":"https:\/\/roma-metro-card.com\/fr\/","name":"ROMA METRO CARD","description":"Discover Rome at your own pace!","publisher":{"@id":"https:\/\/roma-metro-card.com\/fr\/#\/schema\/person\/cac343c7a4a899b495bd75c747c664b3"},"potentialAction":[{"@type":"SearchAction","target":{"@type":"EntryPoint","urlTemplate":"https:\/\/roma-metro-card.com\/fr\/?s={search_term_string}"},"query-input":{"@type":"PropertyValueSpecification","valueRequired":true,"valueName":"search_term_string"}}],"inLanguage":"fr-FR"},{"@type":["Person","Organization"],"@id":"https:\/\/roma-metro-card.com\/fr\/#\/schema\/person\/cac343c7a4a899b495bd75c747c664b3","name":"admin1175","image":{"@type":"ImageObject","inLanguage":"fr-FR","@id":"https:\/\/secure.gravatar.com\/avatar\/adeee1d3fc72ebdeac1009b79e05f00048bc7a1d9c975df86b42f031c3f79d29?s=96&d=mm&r=g","url":"https:\/\/secure.gravatar.com\/avatar\/adeee1d3fc72ebdeac1009b79e05f00048bc7a1d9c975df86b42f031c3f79d29?s=96&d=mm&r=g","contentUrl":"https:\/\/secure.gravatar.com\/avatar\/adeee1d3fc72ebdeac1009b79e05f00048bc7a1d9c975df86b42f031c3f79d29?s=96&d=mm&r=g","caption":"admin1175"},"logo":{"@id":"https:\/\/secure.gravatar.com\/avatar\/adeee1d3fc72ebdeac1009b79e05f00048bc7a1d9c975df86b42f031c3f79d29?s=96&d=mm&r=g"}}]}},"_links":{"self":[{"href":"https:\/\/roma-metro-card.com\/fr\/wp-json\/wp\/v2\/pages\/286","targetHints":{"allow":["GET"]}}],"collection":[{"href":"https:\/\/roma-metro-card.com\/fr\/wp-json\/wp\/v2\/pages"}],"about":[{"href":"https:\/\/roma-metro-card.com\/fr\/wp-json\/wp\/v2\/types\/page"}],"author":[{"embeddable":true,"href":"https:\/\/roma-metro-card.com\/fr\/wp-json\/wp\/v2\/users\/1"}],"replies":[{"embeddable":true,"href":"https:\/\/roma-metro-card.com\/fr\/wp-json\/wp\/v2\/comments?post=286"}],"version-history":[{"count":6,"href":"https:\/\/roma-metro-card.com\/fr\/wp-json\/wp\/v2\/pages\/286\/revisions"}],"predecessor-version":[{"id":310,"href":"https:\/\/roma-metro-card.com\/fr\/wp-json\/wp\/v2\/pages\/286\/revisions\/310"}],"wp:attachment":[{"href":"https:\/\/roma-metro-card.com\/fr\/wp-json\/wp\/v2\/media?parent=286"}],"curies":[{"name":"wp","href":"https:\/\/api.w.org\/{rel}","templated":true}]}}