{"id":293,"date":"2019-08-20T16:19:18","date_gmt":"2019-08-20T14:19:18","guid":{"rendered":"https:\/\/roma-metro-card.com\/?page_id=251"},"modified":"2019-08-22T16:38:54","modified_gmt":"2019-08-22T14:38:54","slug":"metro-rome-ligne-b","status":"publish","type":"page","link":"https:\/\/roma-metro-card.com\/fr\/metro-rome-ligne-b\/","title":{"rendered":"M\u00c9TRO ROME \u2013 LIGNE B"},"content":{"rendered":"<div class=\"wpb-content-wrapper\"><p>[vc_row][vc_column][vc_column_text]<\/p>\n<h1 style=\"text-align: center;\"><span style=\"color: #0071bb;\">LIGNE B<\/span><\/h1>\n<p style=\"text-align: justify;\">La ligne B du m\u00e9tro de Rome relie la ville du sud au nord-est o\u00f9 elle est divis\u00e9e en deux branches : l&#8217;une \u00e0 l&#8217;est et l&#8217;autre au nord-est. Son terminus est : Laurentina (dans le district de Giuliano-Dalmata), Rebibbia (dans le district de Ponte Mammolo, pr\u00e8s du p\u00e9nitencier du m\u00eame nom), et Ionian (dans le district de Monte Sacro).<\/p>\n<p style=\"text-align: justify;\">Le m\u00e9tro B de Rome compte actuellement 26 stations et un \u00e9changeur avec la ligne A du m\u00e9tro de Rome (station Termini). Il est caract\u00e9ris\u00e9 par la couleur bleue , utilis\u00e9 pour la d\u00e9coration des trains et des gares et pour les cartes .<\/p>\n<p style=\"text-align: justify;\">Avec 26 stations au total, la ligne B (23,1 km dont 13 km sous terre) relie les terminaux Laurentina au sud de Rome \u00e0 Rebibbia et Jonio au nord. Deux services sont assur\u00e9s : de Laurentina \u00e0 Rebibbia et vice versa, et de Laurentina \u00e0 Jonio et vice versa.<\/p>\n<p>[\/vc_column_text][\/vc_column][\/vc_row][vc_row][vc_column][vc_custom_heading text=&#8221;CARTE DU M\u00c9TRO ROME \u2013 LIGNE B&#8221; font_container=&#8221;tag:h1|text_align:center|color:%230071bb&#8221;][vc_empty_space][vc_single_image image=&#8221;208&#8243; img_size=&#8221;full&#8221; alignment=&#8221;center&#8221;][vc_empty_space][\/vc_column][\/vc_row][vc_row][vc_column]<div class=\"tour-list row add-clearfix\"><div class=\"col-md-4 col-sm-6 wow zoomIn\" data-wow-delay=\"0.1s\">\n\t<div class=\"tour_container\">\n\t\t\t\t\t<div class=\"ribbon_3\"><span>Featured<\/span><\/div>\n\t\t\t\t<div class=\"img_container\">\n\t\t\t<a href=\"https:\/\/roma-metro-card.com\/tour\/rome-metro\/\">\n\t\t\t\t<img loading=\"lazy\" decoding=\"async\" width=\"400\" height=\"267\" src=\"https:\/\/roma-metro-card.com\/wp-content\/uploads\/2019\/08\/rome-public-transport-card_grid-1563273474-400x267.jpg\" class=\"attachment-ct-list-thumb size-ct-list-thumb wp-post-image\" alt=\"\" srcset=\"https:\/\/roma-metro-card.com\/wp-content\/uploads\/2019\/08\/rome-public-transport-card_grid-1563273474-400x267.jpg 400w, https:\/\/roma-metro-card.com\/wp-content\/uploads\/2019\/08\/rome-public-transport-card_grid-1563273474-200x133.jpg 200w\" sizes=\"auto, (max-width: 400px) 100vw, 400px\" \/>\t\t\t\t<!-- <div class=\"ribbon top_rated\"><\/div> -->\n\t\t\t\t\t\t\t\t<div class=\"short_info\">\n\t\t\t\t\t<i class=\" icon-ticket-2\"><\/i>CITY PASS\t\t\t\t\t<span class=\"price\"><span>63.00<sup>\u20ac<\/sup><\/span><\/span>\n\t\t\t\t<\/div>\n\t\t\t<\/a>\n\t\t<\/div>\n\n\t\t<div class=\"tour_title\">\n\t\t\t<h3>Rome metro card (includes also metro, bus, tram and Airport Bus from Ciampino)<\/h3>\n\n\t\t\t<div class=\"rating\">\n\t\t\t\t<i class=\"icon-smile\"><\/i><i class=\"icon-smile\"><\/i><i class=\"icon-smile\"><\/i><i class=\"icon-smile\"><\/i><i class=\"icon-smile\"><\/i><small>(0)<\/small>\n\t\t\t<\/div><!-- end rating -->\n\n\t\t\t\t\t\t\t\t<\/div>\n\t<\/div><!-- End box tour -->\n<\/div><!-- End col-md-6 --><div class=\"col-md-4 col-sm-6 wow zoomIn\" data-wow-delay=\"0.1s\">\n\t<div class=\"tour_container\">\n\t\t\t\t\t<div class=\"ribbon_3\"><span>Featured<\/span><\/div>\n\t\t\t\t<div class=\"img_container\">\n\t\t\t<a href=\"https:\/\/roma-metro-card.com\/tour\/city-pass-rome\/\">\n\t\t\t\t<img loading=\"lazy\" decoding=\"async\" width=\"400\" height=\"267\" src=\"https:\/\/roma-metro-card.com\/wp-content\/uploads\/2019\/08\/rome-tourist-card_grid-1558558800-400x267.png\" class=\"attachment-ct-list-thumb size-ct-list-thumb wp-post-image\" alt=\"\" srcset=\"https:\/\/roma-metro-card.com\/wp-content\/uploads\/2019\/08\/rome-tourist-card_grid-1558558800-400x267.png 400w, https:\/\/roma-metro-card.com\/wp-content\/uploads\/2019\/08\/rome-tourist-card_grid-1558558800-200x133.png 200w\" sizes=\"auto, (max-width: 400px) 100vw, 400px\" \/>\t\t\t\t<!-- <div class=\"ribbon top_rated\"><\/div> -->\n\t\t\t\t\t\t\t\t<div class=\"short_info\">\n\t\t\t\t\t<i class=\" icon-ticket-2\"><\/i>CITY PASS\t\t\t\t\t<span class=\"price\"><span>74.00<sup>\u20ac<\/sup><\/span><\/span>\n\t\t\t\t<\/div>\n\t\t\t<\/a>\n\t\t<\/div>\n\n\t\t<div class=\"tour_title\">\n\t\t\t<h3>City Pass Rome &#8211; 100% Mobile &#8211; Fast track entrance<\/h3>\n\n\t\t\t<div class=\"rating\">\n\t\t\t\t<i class=\"icon-smile\"><\/i><i class=\"icon-smile\"><\/i><i class=\"icon-smile\"><\/i><i class=\"icon-smile\"><\/i><i class=\"icon-smile\"><\/i><small>(0)<\/small>\n\t\t\t<\/div><!-- end rating -->\n\n\t\t\t\t\t\t\t\t<\/div>\n\t<\/div><!-- End box tour -->\n<\/div><!-- End col-md-6 --><div class=\"col-md-4 col-sm-6 wow zoomIn\" data-wow-delay=\"0.1s\">\n\t<div class=\"tour_container\">\n\t\t\t\t<div class=\"img_container\">\n\t\t\t<a href=\"https:\/\/roma-metro-card.com\/tour\/colosseum-tickets-fast-lane\/\">\n\t\t\t\t<img loading=\"lazy\" decoding=\"async\" width=\"400\" height=\"267\" src=\"https:\/\/roma-metro-card.com\/wp-content\/uploads\/2019\/08\/IMG_20180905_124134-400x267.jpg\" class=\"attachment-ct-list-thumb size-ct-list-thumb wp-post-image\" alt=\"\" srcset=\"https:\/\/roma-metro-card.com\/wp-content\/uploads\/2019\/08\/IMG_20180905_124134-400x267.jpg 400w, https:\/\/roma-metro-card.com\/wp-content\/uploads\/2019\/08\/IMG_20180905_124134-200x133.jpg 200w\" sizes=\"auto, (max-width: 400px) 100vw, 400px\" \/>\t\t\t\t<!-- <div class=\"ribbon top_rated\"><\/div> -->\n\t\t\t\t\t\t\t\t<div class=\"short_info\">\n\t\t\t\t\t\t\t\t\t\t<span class=\"price\"><span>24.00<sup>\u20ac<\/sup><\/span><\/span>\n\t\t\t\t<\/div>\n\t\t\t<\/a>\n\t\t<\/div>\n\n\t\t<div class=\"tour_title\">\n\t\t\t<h3>Colosseum tickets &#8211; Fast lane &#8211; Incl. Videoguide tour<\/h3>\n\n\t\t\t<div class=\"rating\">\n\t\t\t\t<i class=\"icon-smile\"><\/i><i class=\"icon-smile\"><\/i><i class=\"icon-smile\"><\/i><i class=\"icon-smile\"><\/i><i class=\"icon-smile\"><\/i><small>(0)<\/small>\n\t\t\t<\/div><!-- end rating -->\n\n\t\t\t\t\t\t\t\t<\/div>\n\t<\/div><!-- End box tour -->\n<\/div><!-- End col-md-6 --><\/div>[\/vc_column][\/vc_row][vc_row][vc_column][vc_column_text]<\/p>\n<h3><span style=\"color: #0071bb;\">Les principaux arr\u00eats sont les suivants :<\/span><\/h3>\n<ul>\n<li>EUR Fermi, dans le quartier construit pour l&#8217;Exposition universelle de 1942 (EUR) qui n&#8217;a jamais eu lieu.<\/li>\n<li>Basilique San Paolo au service de la Basilique Saint-Paul-off-the-walls.<\/li>\n<li>Garbatella pour le Mus\u00e9e Central Montemartini.<\/li>\n<li>Piramide qui donne acc\u00e8s \u00e0 la station ostiense, pyramide de Cestius et Testaccio.<\/li>\n<li>Circo Massimo (Circus Maximus) au service du si\u00e8ge de la FAO,<\/li>\n<li><span style=\"color: #0071bb;\"><a style=\"color: #0071bb;\" href=\"https:\/\/roma-metro-card.com\/the-colosseum-an-impressive-roman-building\/\">Colosseo (station de Colis\u00e9e).<\/a><\/span><\/li>\n<li>Tiburtina, pour la gare de banlieue du m\u00eame nom.<\/li>\n<li>Ponte Mammolo pour la gare routi\u00e8re.<\/li>\n<\/ul>\n<p>Le trafic total est d&#8217;environ 750 000 passagers par jour en moyenne. Aux heures de pointe, le service est assur\u00e9 par un train toutes les 4 minutes.[\/vc_column_text][\/vc_column][\/vc_row][vc_row][vc_column]\n<h3><span style=\"color: #0071bb;\">LES STATIONS DE LA LIGNE B:<\/span><\/h3>\n<ul class=\"list_ok\">\n<li>Laurentina<\/li>\n<li>EUR Fermi<\/li>\n<li>EUR Palasport<\/li>\n<li>EUR Magliana<\/li>\n<li>Marconi<\/li>\n<li>Basilique Saint-Paul<\/li>\n<li>Garbatella<\/li>\n<li>pyramide<\/li>\n<li>Cirque Maximus<\/li>\n<li>Colis\u00e9e<\/li>\n<li>Cavour<\/li>\n<li>termes<\/li>\n<li>Pr\u00e9torio Castro<\/li>\n<li>Policlinico<\/li>\n<li>Bologne<\/li>\n<li>Direction Rebibbia<\/li>\n<li>Tiburtina FS<\/li>\n<li>Quinitiliani Quinitiliani<\/li>\n<li>Tiburtini Monti<\/li>\n<li>Pietralata<\/li>\n<li>Santa Maria del Soccorso<\/li>\n<li>Mammolo Ponte<\/li>\n<li>Rebibbia<\/li>\n<li>Direction ionienne<\/li>\n<li>Sainte-Agn\u00e8s \/ Annibalien<\/li>\n<li>Libye<\/li>\n<li>Conca d&#8217;Oro<\/li>\n<li>Ionienne<\/li>\n<\/ul>\n<p>[\/vc_column][\/vc_row][vc_row][vc_column][vc_column_text]<\/p>\n<h3 style=\"text-align: justify;\"><span style=\"color: #0071bb;\">LA CONSTRUCTION DE LA LIGNE B:<\/span><\/h3>\n<p style=\"text-align: justify;\">La premi\u00e8re ligne de m\u00e9tro \u00e0 Rome a \u00e9t\u00e9 con\u00e7ue et a commenc\u00e9 dans les ann\u00e9es trente sous le r\u00e9gime fasciste, afin d&#8217;offrir une connexion rapide entre la station Termini (situ\u00e9 dans le centre-ville) et le nouveau quartier appel\u00e9 E42 (l&#8217;EUR actuel), o\u00f9 l&#8217;Universel L&#8217;exposition de 1942 aurait d\u00fb avoir lieu.<\/p>\n<p style=\"text-align: justify;\">Pour cette raison, la ligne aurait d\u00fb \u00eatre appel\u00e9e E42 Railway. Les caract\u00e9ristiques techniques, y compris la hauteur des trottoirs et des quais, \u00e9taient les m\u00eames que celles du Roma-Lido d\u00e9j\u00e0 existant, dont la nouvelle ligne souterraine aurait trac\u00e9 une partie de la route et partag\u00e9 des installations de traction et de stockage \u00e9lectriques.<\/p>\n<p style=\"text-align: justify;\">Cependant, l&#8217;\u00e9v\u00e9nement n&#8217;a jamais eu lieu en raison de l&#8217;entr\u00e9e de l&#8217;Italie dans la guerre en 1940. Au moment de l&#8217;interruption des travaux, certains tunnels avaient d\u00e9j\u00e0 \u00e9t\u00e9 construits (dans la section qui va de Termini \u00e0 Piramide) qui ont \u00e9t\u00e9 utilis\u00e9s pendant la guerre. comme abris antia\u00e9riens par la population de la ville. Les travaux sur le m\u00e9tro B de Rome reprirent ensuite en 1948, en m\u00eame temps que l&#8217;avancement des travaux dans l&#8217;ancienne zone d&#8217;exposition qui changea partiellement d&#8217;apparence, de destination (devenu un quartier d&#8217;affaires prosp\u00e8re) et de nom (EUR, plus tard en Europe).<\/p>\n<p style=\"text-align: justify;\">La ligne B du m\u00e9tro de Rome a finalement \u00e9t\u00e9 inaugur\u00e9e \u00e0 la station Termini le 9 f\u00e9vrier 1955 par le Pr\u00e9sident de la R\u00e9publique Luigi Einaudi avec le Cardinal Vicaire de Rome Clemente Micara. Le lendemain, l&#8217;\u00e9tablissement a \u00e9t\u00e9 ouvert au public.<\/p>\n<p>[\/vc_column_text][\/vc_column][\/vc_row]<\/p>\n<\/div>","protected":false},"excerpt":{"rendered":"<p>[vc_row][vc_column][vc_column_text] LIGNE B La ligne B du m\u00e9tro de Rome relie la ville du sud au nord-est o\u00f9 elle est divis\u00e9e en deux branches : l&#8217;une \u00e0 l&#8217;est et l&#8217;autre au nord-est. Son terminus est : Laurentina (dans le district de Giuliano-Dalmata), Rebibbia (dans le district de Ponte Mammolo, pr\u00e8s du p\u00e9nitencier du m\u00eame nom), [&hellip;]<\/p>\n","protected":false},"author":1,"featured_media":0,"parent":0,"menu_order":0,"comment_status":"open","ping_status":"open","template":"","meta":{"footnotes":""},"class_list":["post-293","page","type-page","status-publish","hentry"],"yoast_head":"<!-- This site is optimized with the Yoast SEO plugin v27.3 - https:\/\/yoast.com\/product\/yoast-seo-wordpress\/ -->\n<title>M\u00e9tro Rome Ligne B - Achetez votre carte de m\u00e9tro en ligne<\/title>\n<meta name=\"description\" content=\"Le m\u00e9tro de Rome (Ligne A) va vous permettre de visiter la ville \u00e0 votre propre rythme et sans contraintes. 72 heures de transports publiques illimit\u00e9s.\" \/>\n<meta name=\"robots\" content=\"index, follow, max-snippet:-1, max-image-preview:large, max-video-preview:-1\" \/>\n<link rel=\"canonical\" href=\"https:\/\/roma-metro-card.com\/fr\/metro-rome-ligne-b\/\" \/>\n<meta property=\"og:locale\" content=\"fr_FR\" \/>\n<meta property=\"og:type\" content=\"article\" \/>\n<meta property=\"og:title\" content=\"M\u00e9tro Rome Ligne B - Achetez votre carte de m\u00e9tro en ligne\" \/>\n<meta property=\"og:description\" content=\"Le m\u00e9tro de Rome (Ligne A) va vous permettre de visiter la ville \u00e0 votre propre rythme et sans contraintes. 72 heures de transports publiques illimit\u00e9s.\" \/>\n<meta property=\"og:url\" content=\"https:\/\/roma-metro-card.com\/fr\/metro-rome-ligne-b\/\" \/>\n<meta property=\"og:site_name\" content=\"ROMA METRO CARD\" \/>\n<meta property=\"article:modified_time\" content=\"2019-08-22T14:38:54+00:00\" \/>\n<meta name=\"twitter:card\" content=\"summary_large_image\" \/>\n<meta name=\"twitter:label1\" content=\"Dur\u00e9e de lecture estim\u00e9e\" \/>\n\t<meta name=\"twitter:data1\" content=\"3 minutes\" \/>\n<script type=\"application\/ld+json\" class=\"yoast-schema-graph\">{\"@context\":\"https:\\\/\\\/schema.org\",\"@graph\":[{\"@type\":\"WebPage\",\"@id\":\"https:\\\/\\\/roma-metro-card.com\\\/fr\\\/metro-rome-ligne-b\\\/\",\"url\":\"https:\\\/\\\/roma-metro-card.com\\\/fr\\\/metro-rome-ligne-b\\\/\",\"name\":\"M\u00e9tro Rome Ligne B - Achetez votre carte de m\u00e9tro en ligne\",\"isPartOf\":{\"@id\":\"https:\\\/\\\/roma-metro-card.com\\\/fr\\\/#website\"},\"datePublished\":\"2019-08-20T14:19:18+00:00\",\"dateModified\":\"2019-08-22T14:38:54+00:00\",\"description\":\"Le m\u00e9tro de Rome (Ligne A) va vous permettre de visiter la ville \u00e0 votre propre rythme et sans contraintes. 72 heures de transports publiques illimit\u00e9s.\",\"breadcrumb\":{\"@id\":\"https:\\\/\\\/roma-metro-card.com\\\/fr\\\/metro-rome-ligne-b\\\/#breadcrumb\"},\"inLanguage\":\"fr-FR\",\"potentialAction\":[{\"@type\":\"ReadAction\",\"target\":[\"https:\\\/\\\/roma-metro-card.com\\\/fr\\\/metro-rome-ligne-b\\\/\"]}]},{\"@type\":\"BreadcrumbList\",\"@id\":\"https:\\\/\\\/roma-metro-card.com\\\/fr\\\/metro-rome-ligne-b\\\/#breadcrumb\",\"itemListElement\":[{\"@type\":\"ListItem\",\"position\":1,\"name\":\"Accueil\",\"item\":\"https:\\\/\\\/roma-metro-card.com\\\/fr\\\/\"},{\"@type\":\"ListItem\",\"position\":2,\"name\":\"M\u00c9TRO ROME \u2013 LIGNE B\"}]},{\"@type\":\"WebSite\",\"@id\":\"https:\\\/\\\/roma-metro-card.com\\\/fr\\\/#website\",\"url\":\"https:\\\/\\\/roma-metro-card.com\\\/fr\\\/\",\"name\":\"ROMA METRO CARD\",\"description\":\"Discover Rome at your own pace!\",\"publisher\":{\"@id\":\"https:\\\/\\\/roma-metro-card.com\\\/fr\\\/#\\\/schema\\\/person\\\/cac343c7a4a899b495bd75c747c664b3\"},\"potentialAction\":[{\"@type\":\"SearchAction\",\"target\":{\"@type\":\"EntryPoint\",\"urlTemplate\":\"https:\\\/\\\/roma-metro-card.com\\\/fr\\\/?s={search_term_string}\"},\"query-input\":{\"@type\":\"PropertyValueSpecification\",\"valueRequired\":true,\"valueName\":\"search_term_string\"}}],\"inLanguage\":\"fr-FR\"},{\"@type\":[\"Person\",\"Organization\"],\"@id\":\"https:\\\/\\\/roma-metro-card.com\\\/fr\\\/#\\\/schema\\\/person\\\/cac343c7a4a899b495bd75c747c664b3\",\"name\":\"admin1175\",\"image\":{\"@type\":\"ImageObject\",\"inLanguage\":\"fr-FR\",\"@id\":\"https:\\\/\\\/secure.gravatar.com\\\/avatar\\\/adeee1d3fc72ebdeac1009b79e05f00048bc7a1d9c975df86b42f031c3f79d29?s=96&d=mm&r=g\",\"url\":\"https:\\\/\\\/secure.gravatar.com\\\/avatar\\\/adeee1d3fc72ebdeac1009b79e05f00048bc7a1d9c975df86b42f031c3f79d29?s=96&d=mm&r=g\",\"contentUrl\":\"https:\\\/\\\/secure.gravatar.com\\\/avatar\\\/adeee1d3fc72ebdeac1009b79e05f00048bc7a1d9c975df86b42f031c3f79d29?s=96&d=mm&r=g\",\"caption\":\"admin1175\"},\"logo\":{\"@id\":\"https:\\\/\\\/secure.gravatar.com\\\/avatar\\\/adeee1d3fc72ebdeac1009b79e05f00048bc7a1d9c975df86b42f031c3f79d29?s=96&d=mm&r=g\"}}]}<\/script>\n<!-- \/ Yoast SEO plugin. -->","yoast_head_json":{"title":"M\u00e9tro Rome Ligne B - Achetez votre carte de m\u00e9tro en ligne","description":"Le m\u00e9tro de Rome (Ligne A) va vous permettre de visiter la ville \u00e0 votre propre rythme et sans contraintes. 72 heures de transports publiques illimit\u00e9s.","robots":{"index":"index","follow":"follow","max-snippet":"max-snippet:-1","max-image-preview":"max-image-preview:large","max-video-preview":"max-video-preview:-1"},"canonical":"https:\/\/roma-metro-card.com\/fr\/metro-rome-ligne-b\/","og_locale":"fr_FR","og_type":"article","og_title":"M\u00e9tro Rome Ligne B - Achetez votre carte de m\u00e9tro en ligne","og_description":"Le m\u00e9tro de Rome (Ligne A) va vous permettre de visiter la ville \u00e0 votre propre rythme et sans contraintes. 72 heures de transports publiques illimit\u00e9s.","og_url":"https:\/\/roma-metro-card.com\/fr\/metro-rome-ligne-b\/","og_site_name":"ROMA METRO CARD","article_modified_time":"2019-08-22T14:38:54+00:00","twitter_card":"summary_large_image","twitter_misc":{"Dur\u00e9e de lecture estim\u00e9e":"3 minutes"},"schema":{"@context":"https:\/\/schema.org","@graph":[{"@type":"WebPage","@id":"https:\/\/roma-metro-card.com\/fr\/metro-rome-ligne-b\/","url":"https:\/\/roma-metro-card.com\/fr\/metro-rome-ligne-b\/","name":"M\u00e9tro Rome Ligne B - Achetez votre carte de m\u00e9tro en ligne","isPartOf":{"@id":"https:\/\/roma-metro-card.com\/fr\/#website"},"datePublished":"2019-08-20T14:19:18+00:00","dateModified":"2019-08-22T14:38:54+00:00","description":"Le m\u00e9tro de Rome (Ligne A) va vous permettre de visiter la ville \u00e0 votre propre rythme et sans contraintes. 72 heures de transports publiques illimit\u00e9s.","breadcrumb":{"@id":"https:\/\/roma-metro-card.com\/fr\/metro-rome-ligne-b\/#breadcrumb"},"inLanguage":"fr-FR","potentialAction":[{"@type":"ReadAction","target":["https:\/\/roma-metro-card.com\/fr\/metro-rome-ligne-b\/"]}]},{"@type":"BreadcrumbList","@id":"https:\/\/roma-metro-card.com\/fr\/metro-rome-ligne-b\/#breadcrumb","itemListElement":[{"@type":"ListItem","position":1,"name":"Accueil","item":"https:\/\/roma-metro-card.com\/fr\/"},{"@type":"ListItem","position":2,"name":"M\u00c9TRO ROME \u2013 LIGNE B"}]},{"@type":"WebSite","@id":"https:\/\/roma-metro-card.com\/fr\/#website","url":"https:\/\/roma-metro-card.com\/fr\/","name":"ROMA METRO CARD","description":"Discover Rome at your own pace!","publisher":{"@id":"https:\/\/roma-metro-card.com\/fr\/#\/schema\/person\/cac343c7a4a899b495bd75c747c664b3"},"potentialAction":[{"@type":"SearchAction","target":{"@type":"EntryPoint","urlTemplate":"https:\/\/roma-metro-card.com\/fr\/?s={search_term_string}"},"query-input":{"@type":"PropertyValueSpecification","valueRequired":true,"valueName":"search_term_string"}}],"inLanguage":"fr-FR"},{"@type":["Person","Organization"],"@id":"https:\/\/roma-metro-card.com\/fr\/#\/schema\/person\/cac343c7a4a899b495bd75c747c664b3","name":"admin1175","image":{"@type":"ImageObject","inLanguage":"fr-FR","@id":"https:\/\/secure.gravatar.com\/avatar\/adeee1d3fc72ebdeac1009b79e05f00048bc7a1d9c975df86b42f031c3f79d29?s=96&d=mm&r=g","url":"https:\/\/secure.gravatar.com\/avatar\/adeee1d3fc72ebdeac1009b79e05f00048bc7a1d9c975df86b42f031c3f79d29?s=96&d=mm&r=g","contentUrl":"https:\/\/secure.gravatar.com\/avatar\/adeee1d3fc72ebdeac1009b79e05f00048bc7a1d9c975df86b42f031c3f79d29?s=96&d=mm&r=g","caption":"admin1175"},"logo":{"@id":"https:\/\/secure.gravatar.com\/avatar\/adeee1d3fc72ebdeac1009b79e05f00048bc7a1d9c975df86b42f031c3f79d29?s=96&d=mm&r=g"}}]}},"_links":{"self":[{"href":"https:\/\/roma-metro-card.com\/fr\/wp-json\/wp\/v2\/pages\/293","targetHints":{"allow":["GET"]}}],"collection":[{"href":"https:\/\/roma-metro-card.com\/fr\/wp-json\/wp\/v2\/pages"}],"about":[{"href":"https:\/\/roma-metro-card.com\/fr\/wp-json\/wp\/v2\/types\/page"}],"author":[{"embeddable":true,"href":"https:\/\/roma-metro-card.com\/fr\/wp-json\/wp\/v2\/users\/1"}],"replies":[{"embeddable":true,"href":"https:\/\/roma-metro-card.com\/fr\/wp-json\/wp\/v2\/comments?post=293"}],"version-history":[{"count":3,"href":"https:\/\/roma-metro-card.com\/fr\/wp-json\/wp\/v2\/pages\/293\/revisions"}],"predecessor-version":[{"id":297,"href":"https:\/\/roma-metro-card.com\/fr\/wp-json\/wp\/v2\/pages\/293\/revisions\/297"}],"wp:attachment":[{"href":"https:\/\/roma-metro-card.com\/fr\/wp-json\/wp\/v2\/media?parent=293"}],"curies":[{"name":"wp","href":"https:\/\/api.w.org\/{rel}","templated":true}]}}