{"id":294,"date":"2019-08-21T13:22:35","date_gmt":"2019-08-21T11:22:35","guid":{"rendered":"https:\/\/roma-metro-card.com\/?page_id=260"},"modified":"2021-12-30T18:14:40","modified_gmt":"2021-12-30T17:14:40","slug":"rome-metro-ligne-c","status":"publish","type":"page","link":"https:\/\/roma-metro-card.com\/fr\/rome-metro-ligne-c\/","title":{"rendered":"ROME METRO &#8211; LIGNE C"},"content":{"rendered":"<div class=\"wpb-content-wrapper\"><p>[vc_row][vc_column][vc_column_text]<\/p>\n<h1 style=\"text-align: center;\"><span style=\"color: #008752;\">LIGNE C<\/span><\/h1>\n<p style=\"text-align: justify;\">La ligne C du m\u00e9tro de Rome , en construction depuis 2007 et non achev\u00e9e, couper la ville du nord-ouest, dans le district de Della Vittoria, dans la banlieue est s&#8217;\u00e9tendant au-del\u00e0 de la rocade avec une longueur totale d&#8217;environ 25,6 km et 30 stations passant \u00e0 travers le centre historique de la capitale.<\/p>\n<p style=\"text-align: justify;\">La ligne C du m\u00e9tro de Rome se caract\u00e9rise par la couleur verte et la particularit\u00e9 de la ligne est l&#8217;absence du conducteur dans les trains gr\u00e2ce \u00e0 l&#8217;utilisation de la technologie Driverless \u00e0 laquelle nous avons consacr\u00e9 un approfondissement.<br \/>\nActuellement, environ 21,5 km de la voie avec 24 stations est en construction.<\/p>\n<p style=\"text-align: justify;\">Dans la partie orientale, il utilisera en partie la route survivante de l&#8217;ancien chemin de fer Rome-Fiuggi et les \u00e9changeurs pr\u00e9vus avec les autres lignes seront \u00e0 San Giovanni et Ottaviano (ligne A) et Colis\u00e9e (ligne B).<\/p>\n<p>[\/vc_column_text][\/vc_column][\/vc_row][vc_row][vc_column][vc_custom_heading text=&#8221;MAP &#8211; LINE C&#8221; font_container=&#8221;tag:h1|text_align:center|color:%23008752&#8243;][vc_empty_space][vc_single_image image=&#8221;209&#8243; img_size=&#8221;full&#8221;][vc_empty_space][\/vc_column][\/vc_row][vc_row][vc_column]<div class=\"tour-list row add-clearfix\"><div class=\"col-md-4 col-sm-6 wow zoomIn\" data-wow-delay=\"0.1s\">\n\t<div class=\"tour_container\">\n\t\t\t\t\t<div class=\"ribbon_3\"><span>Featured<\/span><\/div>\n\t\t\t\t<div class=\"img_container\">\n\t\t\t<a href=\"https:\/\/roma-metro-card.com\/tour\/rome-metro\/\">\n\t\t\t\t<img loading=\"lazy\" decoding=\"async\" width=\"400\" height=\"267\" src=\"https:\/\/roma-metro-card.com\/wp-content\/uploads\/2019\/08\/rome-public-transport-card_grid-1563273474-400x267.jpg\" class=\"attachment-ct-list-thumb size-ct-list-thumb wp-post-image\" alt=\"\" srcset=\"https:\/\/roma-metro-card.com\/wp-content\/uploads\/2019\/08\/rome-public-transport-card_grid-1563273474-400x267.jpg 400w, https:\/\/roma-metro-card.com\/wp-content\/uploads\/2019\/08\/rome-public-transport-card_grid-1563273474-200x133.jpg 200w\" sizes=\"auto, (max-width: 400px) 100vw, 400px\" \/>\t\t\t\t<!-- <div class=\"ribbon top_rated\"><\/div> -->\n\t\t\t\t\t\t\t\t<div class=\"short_info\">\n\t\t\t\t\t<i class=\" icon-ticket-2\"><\/i>CITY PASS\t\t\t\t\t<span class=\"price\"><span>63.00<sup>\u20ac<\/sup><\/span><\/span>\n\t\t\t\t<\/div>\n\t\t\t<\/a>\n\t\t<\/div>\n\n\t\t<div class=\"tour_title\">\n\t\t\t<h3>Rome metro card (includes also metro, bus, tram and Airport Bus from Ciampino)<\/h3>\n\n\t\t\t<div class=\"rating\">\n\t\t\t\t<i class=\"icon-smile\"><\/i><i class=\"icon-smile\"><\/i><i class=\"icon-smile\"><\/i><i class=\"icon-smile\"><\/i><i class=\"icon-smile\"><\/i><small>(0)<\/small>\n\t\t\t<\/div><!-- end rating -->\n\n\t\t\t\t\t\t\t\t<\/div>\n\t<\/div><!-- End box tour -->\n<\/div><!-- End col-md-6 --><div class=\"col-md-4 col-sm-6 wow zoomIn\" data-wow-delay=\"0.1s\">\n\t<div class=\"tour_container\">\n\t\t\t\t\t<div class=\"ribbon_3\"><span>Featured<\/span><\/div>\n\t\t\t\t<div class=\"img_container\">\n\t\t\t<a href=\"https:\/\/roma-metro-card.com\/tour\/city-pass-rome\/\">\n\t\t\t\t<img loading=\"lazy\" decoding=\"async\" width=\"400\" height=\"267\" src=\"https:\/\/roma-metro-card.com\/wp-content\/uploads\/2019\/08\/rome-tourist-card_grid-1558558800-400x267.png\" class=\"attachment-ct-list-thumb size-ct-list-thumb wp-post-image\" alt=\"\" srcset=\"https:\/\/roma-metro-card.com\/wp-content\/uploads\/2019\/08\/rome-tourist-card_grid-1558558800-400x267.png 400w, https:\/\/roma-metro-card.com\/wp-content\/uploads\/2019\/08\/rome-tourist-card_grid-1558558800-200x133.png 200w\" sizes=\"auto, (max-width: 400px) 100vw, 400px\" \/>\t\t\t\t<!-- <div class=\"ribbon top_rated\"><\/div> -->\n\t\t\t\t\t\t\t\t<div class=\"short_info\">\n\t\t\t\t\t<i class=\" icon-ticket-2\"><\/i>CITY PASS\t\t\t\t\t<span class=\"price\"><span>74.00<sup>\u20ac<\/sup><\/span><\/span>\n\t\t\t\t<\/div>\n\t\t\t<\/a>\n\t\t<\/div>\n\n\t\t<div class=\"tour_title\">\n\t\t\t<h3>City Pass Rome &#8211; 100% Mobile &#8211; Fast track entrance<\/h3>\n\n\t\t\t<div class=\"rating\">\n\t\t\t\t<i class=\"icon-smile\"><\/i><i class=\"icon-smile\"><\/i><i class=\"icon-smile\"><\/i><i class=\"icon-smile\"><\/i><i class=\"icon-smile\"><\/i><small>(0)<\/small>\n\t\t\t<\/div><!-- end rating -->\n\n\t\t\t\t\t\t\t\t<\/div>\n\t<\/div><!-- End box tour -->\n<\/div><!-- End col-md-6 --><div class=\"col-md-4 col-sm-6 wow zoomIn\" data-wow-delay=\"0.1s\">\n\t<div class=\"tour_container\">\n\t\t\t\t<div class=\"img_container\">\n\t\t\t<a href=\"https:\/\/roma-metro-card.com\/tour\/vatican-museums-skip-the-line-tickets\/\">\n\t\t\t\t<img loading=\"lazy\" decoding=\"async\" width=\"400\" height=\"267\" src=\"https:\/\/roma-metro-card.com\/wp-content\/uploads\/2019\/08\/IMG_20180907_132102-400x267.jpg\" class=\"attachment-ct-list-thumb size-ct-list-thumb wp-post-image\" alt=\"\" srcset=\"https:\/\/roma-metro-card.com\/wp-content\/uploads\/2019\/08\/IMG_20180907_132102-400x267.jpg 400w, https:\/\/roma-metro-card.com\/wp-content\/uploads\/2019\/08\/IMG_20180907_132102-200x133.jpg 200w\" sizes=\"auto, (max-width: 400px) 100vw, 400px\" \/>\t\t\t\t<!-- <div class=\"ribbon top_rated\"><\/div> -->\n\t\t\t\t\t\t\t\t<div class=\"short_info\">\n\t\t\t\t\t\t\t\t\t\t<span class=\"price\"><span>22.90<sup>\u20ac<\/sup><\/span><\/span>\n\t\t\t\t<\/div>\n\t\t\t<\/a>\n\t\t<\/div>\n\n\t\t<div class=\"tour_title\">\n\t\t\t<h3>VATICAN MUSEUMS &#038; SISTINE CHAPEL &#8211; Skip the line tickets<\/h3>\n\n\t\t\t<div class=\"rating\">\n\t\t\t\t<i class=\"icon-smile\"><\/i><i class=\"icon-smile\"><\/i><i class=\"icon-smile\"><\/i><i class=\"icon-smile\"><\/i><i class=\"icon-smile\"><\/i><small>(0)<\/small>\n\t\t\t<\/div><!-- end rating -->\n\n\t\t\t\t\t\t\t\t<\/div>\n\t<\/div><!-- End box tour -->\n<\/div><!-- End col-md-6 --><\/div>[\/vc_column][\/vc_row][vc_row][vc_column][vc_column_text]<\/p>\n<h3 style=\"text-align: justify;\"><span style=\"color: #008752;\">Actuellement, environ 21,5 km de la voie avec 24 stations est en construction.<\/span><\/h3>\n<p style=\"text-align: justify;\">Dans la partie orientale, il utilisera en partie la route survivante de l&#8217;ancien chemin de fer Rome-Fiuggi et les \u00e9changeurs pr\u00e9vus avec les autres lignes seront \u00e0 San Giovanni et Ottaviano (ligne A) et Colosseo (ligne B).<\/p>\n<p>[\/vc_column_text][\/vc_column][\/vc_row][vc_row][vc_column]\n<h3><span style=\"color: #008752;\">LES STATIONS DE LA LIGNE A:<\/span><\/h3>\n<ul class=\"list_ok\">\n<li>Monte Compatri-Pantano<\/li>\n<li>Graniti<\/li>\n<li>Finocchio Finocchio<\/li>\n<li>Bolognetta (Bolognetta)<\/li>\n<li>Borghesiana<\/li>\n<li>Due Leoni &#8211; Fontana Candida<\/li>\n<li>Grotte Celoni<\/li>\n<li>Gaia Torre<\/li>\n<li>Torre Angela (en)<\/li>\n<li>Torrenova<\/li>\n<li>Giardinetti Giardinetti<\/li>\n<li>Torre Maura<\/li>\n<li>Spaccata Torre<\/li>\n<li>Alessandrino<\/li>\n<li>Parco di Centocelle<\/li>\n<li>Mirti Mirti<\/li>\n<li>Jardinier<\/li>\n<li>Teano<\/li>\n<li>Malatesta<\/li>\n<li>Pigneto Pigneto<\/li>\n<li>Lodi<\/li>\n<li>San Giovanni (San Giovanni)<\/li>\n<li>Amba Aradam &#8211; Ipponio &#8211; <b>non<\/b> operativa<\/li>\n<li>Fori Imperiali &#8211; Colosseo &#8211; <b>non<\/b> operativa<\/li>\n<li>Venezia &#8211; <b>non<\/b> operativa<\/li>\n<li>Chiesa Nuova &#8211; <b>non<\/b> operativa<\/li>\n<li>San Pietro &#8211; <b>non<\/b> operativa<\/li>\n<li>Risorgimento &#8211; <b>non<\/b> operativa<\/li>\n<li>Ottaviano &#8211; <b>non<\/b> operativa<\/li>\n<li>Clodio\/Mazzini &#8211; <b>non<\/b> operativa<\/li>\n<\/ul>\n<p>[\/vc_column][\/vc_row][vc_row][vc_column][vc_column_text]<\/p>\n<h3 style=\"text-align: justify;\"><span style=\"color: #008752;\">LA CONSTRUCTION DE LA LIGNE A:<\/span><\/h3>\n<p style=\"text-align: justify;\">Les travaux de construction pour l&#8217;extension de la ligne ont \u00e9t\u00e9 longs et complexes, principalement en raison de la technique de l&#8217;excavation ouverte , qui a caus\u00e9 de nombreux probl\u00e8mes \u00e0 la viabilit\u00e9 de Rome. C&#8217;est pr\u00e9cis\u00e9ment pour cette raison que les travaux se sont arr\u00eat\u00e9s pendant 5 ans, avant de recommencer avec la technique, utilis\u00e9e aujourd&#8217;hui, des taupes , qui si d&#8217;une part r\u00e9solu le probl\u00e8me de la circulation et la circulation, d&#8217;autre part apport\u00e9 des probl\u00e8mes aux b\u00e2timents plac\u00e9s au-dessus de la route de la ligne.<\/p>\n<p style=\"text-align: justify;\">Fermi pendant encore deux ans, en raison de la travers\u00e9e du Tibre, d&#8217;autres probl\u00e8mes ont entra\u00een\u00e9 une erreur dans la route, en raison de la construction du pont Nenni pour traverser la rivi\u00e8re, et pour les d\u00e9couvertes arch\u00e9ologiques pr\u00e8s de la Piazza della Repubblica.<\/p>\n<p>[\/vc_column_text][\/vc_column][\/vc_row][vc_row][vc_column][vc_video link=&#8221;https:\/\/www.youtube.com\/watch?time_continue=32&amp;v=13bvxzunHCo&#8221;][\/vc_column][\/vc_row]<\/p>\n<\/div>","protected":false},"excerpt":{"rendered":"<p>[vc_row][vc_column][vc_column_text] LIGNE C La ligne C du m\u00e9tro de Rome , en construction depuis 2007 et non achev\u00e9e, couper la ville du nord-ouest, dans le district de Della Vittoria, dans la banlieue est s&#8217;\u00e9tendant au-del\u00e0 de la rocade avec une longueur totale d&#8217;environ 25,6 km et 30 stations passant \u00e0 travers le centre historique de [&hellip;]<\/p>\n","protected":false},"author":1,"featured_media":0,"parent":0,"menu_order":0,"comment_status":"open","ping_status":"open","template":"","meta":{"footnotes":""},"class_list":["post-294","page","type-page","status-publish","hentry"],"yoast_head":"<!-- This site is optimized with the Yoast SEO plugin v27.4 - https:\/\/yoast.com\/product\/yoast-seo-wordpress\/ -->\n<title>ROME METRO - LIGNE C - ROMA METRO CARD<\/title>\n<meta name=\"robots\" content=\"index, follow, max-snippet:-1, max-image-preview:large, max-video-preview:-1\" \/>\n<link rel=\"canonical\" href=\"https:\/\/roma-metro-card.com\/fr\/rome-metro-ligne-c\/\" \/>\n<meta property=\"og:locale\" content=\"fr_FR\" \/>\n<meta property=\"og:type\" content=\"article\" \/>\n<meta property=\"og:title\" content=\"ROME METRO - LIGNE C - ROMA METRO CARD\" \/>\n<meta property=\"og:description\" content=\"[vc_row][vc_column][vc_column_text] LIGNE C La ligne C du m\u00e9tro de Rome , en construction depuis 2007 et non achev\u00e9e, couper la ville du nord-ouest, dans le district de Della Vittoria, dans la banlieue est s&#8217;\u00e9tendant au-del\u00e0 de la rocade avec une longueur totale d&#8217;environ 25,6 km et 30 stations passant \u00e0 travers le centre historique de [&hellip;]\" \/>\n<meta property=\"og:url\" content=\"https:\/\/roma-metro-card.com\/fr\/rome-metro-ligne-c\/\" \/>\n<meta property=\"og:site_name\" content=\"ROMA METRO CARD\" \/>\n<meta property=\"article:modified_time\" content=\"2021-12-30T17:14:40+00:00\" \/>\n<meta name=\"twitter:card\" content=\"summary_large_image\" \/>\n<meta name=\"twitter:label1\" content=\"Dur\u00e9e de lecture estim\u00e9e\" \/>\n\t<meta name=\"twitter:data1\" content=\"3 minutes\" \/>\n<script type=\"application\/ld+json\" class=\"yoast-schema-graph\">{\"@context\":\"https:\\\/\\\/schema.org\",\"@graph\":[{\"@type\":\"WebPage\",\"@id\":\"https:\\\/\\\/roma-metro-card.com\\\/fr\\\/rome-metro-ligne-c\\\/\",\"url\":\"https:\\\/\\\/roma-metro-card.com\\\/fr\\\/rome-metro-ligne-c\\\/\",\"name\":\"ROME METRO - LIGNE C - ROMA METRO CARD\",\"isPartOf\":{\"@id\":\"https:\\\/\\\/roma-metro-card.com\\\/fr\\\/#website\"},\"datePublished\":\"2019-08-21T11:22:35+00:00\",\"dateModified\":\"2021-12-30T17:14:40+00:00\",\"breadcrumb\":{\"@id\":\"https:\\\/\\\/roma-metro-card.com\\\/fr\\\/rome-metro-ligne-c\\\/#breadcrumb\"},\"inLanguage\":\"fr-FR\",\"potentialAction\":[{\"@type\":\"ReadAction\",\"target\":[\"https:\\\/\\\/roma-metro-card.com\\\/fr\\\/rome-metro-ligne-c\\\/\"]}]},{\"@type\":\"BreadcrumbList\",\"@id\":\"https:\\\/\\\/roma-metro-card.com\\\/fr\\\/rome-metro-ligne-c\\\/#breadcrumb\",\"itemListElement\":[{\"@type\":\"ListItem\",\"position\":1,\"name\":\"Accueil\",\"item\":\"https:\\\/\\\/roma-metro-card.com\\\/fr\\\/\"},{\"@type\":\"ListItem\",\"position\":2,\"name\":\"ROME METRO &#8211; LIGNE C\"}]},{\"@type\":\"WebSite\",\"@id\":\"https:\\\/\\\/roma-metro-card.com\\\/fr\\\/#website\",\"url\":\"https:\\\/\\\/roma-metro-card.com\\\/fr\\\/\",\"name\":\"ROMA METRO CARD\",\"description\":\"Discover Rome at your own pace!\",\"publisher\":{\"@id\":\"https:\\\/\\\/roma-metro-card.com\\\/fr\\\/#\\\/schema\\\/person\\\/cac343c7a4a899b495bd75c747c664b3\"},\"potentialAction\":[{\"@type\":\"SearchAction\",\"target\":{\"@type\":\"EntryPoint\",\"urlTemplate\":\"https:\\\/\\\/roma-metro-card.com\\\/fr\\\/?s={search_term_string}\"},\"query-input\":{\"@type\":\"PropertyValueSpecification\",\"valueRequired\":true,\"valueName\":\"search_term_string\"}}],\"inLanguage\":\"fr-FR\"},{\"@type\":[\"Person\",\"Organization\"],\"@id\":\"https:\\\/\\\/roma-metro-card.com\\\/fr\\\/#\\\/schema\\\/person\\\/cac343c7a4a899b495bd75c747c664b3\",\"name\":\"admin1175\",\"image\":{\"@type\":\"ImageObject\",\"inLanguage\":\"fr-FR\",\"@id\":\"https:\\\/\\\/secure.gravatar.com\\\/avatar\\\/adeee1d3fc72ebdeac1009b79e05f00048bc7a1d9c975df86b42f031c3f79d29?s=96&d=mm&r=g\",\"url\":\"https:\\\/\\\/secure.gravatar.com\\\/avatar\\\/adeee1d3fc72ebdeac1009b79e05f00048bc7a1d9c975df86b42f031c3f79d29?s=96&d=mm&r=g\",\"contentUrl\":\"https:\\\/\\\/secure.gravatar.com\\\/avatar\\\/adeee1d3fc72ebdeac1009b79e05f00048bc7a1d9c975df86b42f031c3f79d29?s=96&d=mm&r=g\",\"caption\":\"admin1175\"},\"logo\":{\"@id\":\"https:\\\/\\\/secure.gravatar.com\\\/avatar\\\/adeee1d3fc72ebdeac1009b79e05f00048bc7a1d9c975df86b42f031c3f79d29?s=96&d=mm&r=g\"}}]}<\/script>\n<!-- \/ Yoast SEO plugin. -->","yoast_head_json":{"title":"ROME METRO - LIGNE C - ROMA METRO CARD","robots":{"index":"index","follow":"follow","max-snippet":"max-snippet:-1","max-image-preview":"max-image-preview:large","max-video-preview":"max-video-preview:-1"},"canonical":"https:\/\/roma-metro-card.com\/fr\/rome-metro-ligne-c\/","og_locale":"fr_FR","og_type":"article","og_title":"ROME METRO - LIGNE C - ROMA METRO CARD","og_description":"[vc_row][vc_column][vc_column_text] LIGNE C La ligne C du m\u00e9tro de Rome , en construction depuis 2007 et non achev\u00e9e, couper la ville du nord-ouest, dans le district de Della Vittoria, dans la banlieue est s&#8217;\u00e9tendant au-del\u00e0 de la rocade avec une longueur totale d&#8217;environ 25,6 km et 30 stations passant \u00e0 travers le centre historique de [&hellip;]","og_url":"https:\/\/roma-metro-card.com\/fr\/rome-metro-ligne-c\/","og_site_name":"ROMA METRO CARD","article_modified_time":"2021-12-30T17:14:40+00:00","twitter_card":"summary_large_image","twitter_misc":{"Dur\u00e9e de lecture estim\u00e9e":"3 minutes"},"schema":{"@context":"https:\/\/schema.org","@graph":[{"@type":"WebPage","@id":"https:\/\/roma-metro-card.com\/fr\/rome-metro-ligne-c\/","url":"https:\/\/roma-metro-card.com\/fr\/rome-metro-ligne-c\/","name":"ROME METRO - LIGNE C - ROMA METRO CARD","isPartOf":{"@id":"https:\/\/roma-metro-card.com\/fr\/#website"},"datePublished":"2019-08-21T11:22:35+00:00","dateModified":"2021-12-30T17:14:40+00:00","breadcrumb":{"@id":"https:\/\/roma-metro-card.com\/fr\/rome-metro-ligne-c\/#breadcrumb"},"inLanguage":"fr-FR","potentialAction":[{"@type":"ReadAction","target":["https:\/\/roma-metro-card.com\/fr\/rome-metro-ligne-c\/"]}]},{"@type":"BreadcrumbList","@id":"https:\/\/roma-metro-card.com\/fr\/rome-metro-ligne-c\/#breadcrumb","itemListElement":[{"@type":"ListItem","position":1,"name":"Accueil","item":"https:\/\/roma-metro-card.com\/fr\/"},{"@type":"ListItem","position":2,"name":"ROME METRO &#8211; LIGNE C"}]},{"@type":"WebSite","@id":"https:\/\/roma-metro-card.com\/fr\/#website","url":"https:\/\/roma-metro-card.com\/fr\/","name":"ROMA METRO CARD","description":"Discover Rome at your own pace!","publisher":{"@id":"https:\/\/roma-metro-card.com\/fr\/#\/schema\/person\/cac343c7a4a899b495bd75c747c664b3"},"potentialAction":[{"@type":"SearchAction","target":{"@type":"EntryPoint","urlTemplate":"https:\/\/roma-metro-card.com\/fr\/?s={search_term_string}"},"query-input":{"@type":"PropertyValueSpecification","valueRequired":true,"valueName":"search_term_string"}}],"inLanguage":"fr-FR"},{"@type":["Person","Organization"],"@id":"https:\/\/roma-metro-card.com\/fr\/#\/schema\/person\/cac343c7a4a899b495bd75c747c664b3","name":"admin1175","image":{"@type":"ImageObject","inLanguage":"fr-FR","@id":"https:\/\/secure.gravatar.com\/avatar\/adeee1d3fc72ebdeac1009b79e05f00048bc7a1d9c975df86b42f031c3f79d29?s=96&d=mm&r=g","url":"https:\/\/secure.gravatar.com\/avatar\/adeee1d3fc72ebdeac1009b79e05f00048bc7a1d9c975df86b42f031c3f79d29?s=96&d=mm&r=g","contentUrl":"https:\/\/secure.gravatar.com\/avatar\/adeee1d3fc72ebdeac1009b79e05f00048bc7a1d9c975df86b42f031c3f79d29?s=96&d=mm&r=g","caption":"admin1175"},"logo":{"@id":"https:\/\/secure.gravatar.com\/avatar\/adeee1d3fc72ebdeac1009b79e05f00048bc7a1d9c975df86b42f031c3f79d29?s=96&d=mm&r=g"}}]}},"_links":{"self":[{"href":"https:\/\/roma-metro-card.com\/fr\/wp-json\/wp\/v2\/pages\/294","targetHints":{"allow":["GET"]}}],"collection":[{"href":"https:\/\/roma-metro-card.com\/fr\/wp-json\/wp\/v2\/pages"}],"about":[{"href":"https:\/\/roma-metro-card.com\/fr\/wp-json\/wp\/v2\/types\/page"}],"author":[{"embeddable":true,"href":"https:\/\/roma-metro-card.com\/fr\/wp-json\/wp\/v2\/users\/1"}],"replies":[{"embeddable":true,"href":"https:\/\/roma-metro-card.com\/fr\/wp-json\/wp\/v2\/comments?post=294"}],"version-history":[{"count":4,"href":"https:\/\/roma-metro-card.com\/fr\/wp-json\/wp\/v2\/pages\/294\/revisions"}],"predecessor-version":[{"id":309,"href":"https:\/\/roma-metro-card.com\/fr\/wp-json\/wp\/v2\/pages\/294\/revisions\/309"}],"wp:attachment":[{"href":"https:\/\/roma-metro-card.com\/fr\/wp-json\/wp\/v2\/media?parent=294"}],"curies":[{"name":"wp","href":"https:\/\/api.w.org\/{rel}","templated":true}]}}